{"id":986,"date":"2025-05-19T11:24:16","date_gmt":"2025-05-19T09:24:16","guid":{"rendered":"https:\/\/abogadosmalaga-aran.com\/index.php\/radgivning-till-foretag\/"},"modified":"2025-09-16T12:04:40","modified_gmt":"2025-09-16T10:04:40","slug":"radgivning-till-foretag","status":"publish","type":"page","link":"https:\/\/abogadosmalaga-aran.com\/sv\/radgivning-till-foretag\/","title":{"rendered":"R\u00e5dgivning till f\u00f6retag"},"content":{"rendered":"\t\t<div data-elementor-type=\"wp-page\" data-elementor-id=\"986\" class=\"elementor elementor-986 elementor-132\" data-elementor-post-type=\"page\">\n\t\t\t\t<div class=\"elementor-element elementor-element-824d1fe e-flex e-con-boxed e-con e-parent\" data-id=\"824d1fe\" data-element_type=\"container\" data-settings=\"{&quot;background_background&quot;:&quot;classic&quot;}\">\n\t\t\t\t\t<div class=\"e-con-inner\">\n\t\t\t\t<div class=\"elementor-element elementor-element-880dcea elementor-widget__width-initial elementor-widget elementor-widget-heading\" data-id=\"880dcea\" data-element_type=\"widget\" data-widget_type=\"heading.default\">\n\t\t\t\t<div class=\"elementor-widget-container\">\n\t\t\t\t\t<h1 class=\"elementor-heading-title elementor-size-default\">St\u00e4rk ditt f\u00f6retag med expertr\u00e5dgivning i Malaga<\/h1>\t\t\t\t<\/div>\n\t\t\t\t<\/div>\n\t\t\t\t<div class=\"elementor-element elementor-element-14b910b elementor-widget elementor-widget-text-editor\" data-id=\"14b910b\" data-element_type=\"widget\" data-widget_type=\"text-editor.default\">\n\t\t\t\t<div class=\"elementor-widget-container\">\n\t\t\t\t\t\t\t\t\t<p>F\u00f6rsta konsultationen <b>GRATIS<\/b>!<\/p>\t\t\t\t\t\t\t\t<\/div>\n\t\t\t\t<\/div>\n\t\t\t\t<div class=\"elementor-element elementor-element-798eefc elementor-widget__width-initial boton-marco elementor-widget elementor-widget-button\" data-id=\"798eefc\" data-element_type=\"widget\" data-widget_type=\"button.default\">\n\t\t\t\t<div class=\"elementor-widget-container\">\n\t\t\t\t\t\t\t\t\t<div class=\"elementor-button-wrapper\">\n\t\t\t\t\t<a class=\"elementor-button elementor-button-link elementor-size-sm\" href=\"#\">\n\t\t\t\t\t\t<span class=\"elementor-button-content-wrapper\">\n\t\t\t\t\t\t\t\t\t<span class=\"elementor-button-text\">JAG \u00c4R INTRESSERAD!<\/span>\n\t\t\t\t\t<\/span>\n\t\t\t\t\t<\/a>\n\t\t\t\t<\/div>\n\t\t\t\t\t\t\t\t<\/div>\n\t\t\t\t<\/div>\n\t\t\t\t\t<\/div>\n\t\t\t\t<\/div>\n\t\t<div class=\"elementor-element elementor-element-995b4b7 e-flex e-con-boxed e-con e-parent\" data-id=\"995b4b7\" data-element_type=\"container\">\n\t\t\t\t\t<div class=\"e-con-inner\">\n\t\t\t\t<div class=\"elementor-element elementor-element-18b8c55 elementor-widget elementor-widget-heading\" data-id=\"18b8c55\" data-element_type=\"widget\" data-widget_type=\"heading.default\">\n\t\t\t\t<div class=\"elementor-widget-container\">\n\t\t\t\t\t<h2 class=\"elementor-heading-title elementor-size-default\">\/\/F\u00e5 ditt f\u00f6retag att v\u00e4xa med specialiserad konsultverksamhet i Malaga<\/h2>\t\t\t\t<\/div>\n\t\t\t\t<\/div>\n\t\t\t\t<div class=\"elementor-element elementor-element-1e769d3 elementor-widget elementor-widget-heading\" data-id=\"1e769d3\" data-element_type=\"widget\" data-widget_type=\"heading.default\">\n\t\t\t\t<div class=\"elementor-widget-container\">\n\t\t\t\t\t<h2 class=\"elementor-heading-title elementor-size-default\">F\u00f6retagsr\u00e5dgivning Malaga<\/h2>\t\t\t\t<\/div>\n\t\t\t\t<\/div>\n\t\t<div class=\"elementor-element elementor-element-b61eeb6 e-con-full e-flex e-con e-child\" data-id=\"b61eeb6\" data-element_type=\"container\">\n\t\t<div class=\"elementor-element elementor-element-1d2c0d6 e-con-full e-flex e-con e-child\" data-id=\"1d2c0d6\" data-element_type=\"container\">\n\t\t\t\t<div class=\"elementor-element elementor-element-b07e483 elementor-widget elementor-widget-heading\" data-id=\"b07e483\" data-element_type=\"widget\" data-widget_type=\"heading.default\">\n\t\t\t\t<div class=\"elementor-widget-container\">\n\t\t\t\t\t<h2 class=\"elementor-heading-title elementor-size-default\">Redovisning, skatt och juridiskt st\u00f6d skr\u00e4ddarsytt f\u00f6r dina aff\u00e4rsbehov<\/h2>\t\t\t\t<\/div>\n\t\t\t\t<\/div>\n\t\t\t\t<div class=\"elementor-element elementor-element-a559381 elementor-widget__width-initial elementor-widget elementor-widget-text-editor\" data-id=\"a559381\" data-element_type=\"widget\" data-widget_type=\"text-editor.default\">\n\t\t\t\t<div class=\"elementor-widget-container\">\n\t\t\t\t\t\t\t\t\t<p>Om du letar efter en <strong>arbets-, redovisnings- eller skatter\u00e5dgivning i Malaga,<\/strong> som \u00e4r professionell f\u00f6r ditt f\u00f6retag och helt involverad i kunden, \u00e4r vi l\u00f6sningen. Vi finns i Malaga. V\u00e5r byr\u00e5 har jurister som \u00e4r experter p\u00e5 att ge r\u00e5d till f\u00f6retag.  <\/p><p><strong>Aran Abogados<\/strong> kommer att f\u00f6rse dig med specialiserade r\u00e5dgivare som s\u00e4kerst\u00e4ller en personlig och transparent behandling hela tiden. Aran Abogados aff\u00e4rsr\u00e5dgivning i Malaga \u00e4r st\u00e4ndigt uppdaterad med avseende p\u00e5 g\u00e4llande regler och verktyg inom redovisnings-, arbets- och skatteomr\u00e5dena, regler och verktyg som alltid kommer att st\u00e5 till v\u00e5ra kunders f\u00f6rfogande. <\/p>\t\t\t\t\t\t\t\t<\/div>\n\t\t\t\t<\/div>\n\t\t\t\t<\/div>\n\t\t<div class=\"elementor-element elementor-element-ca00161 e-con-full marco-bufete e-flex e-con e-child\" data-id=\"ca00161\" data-element_type=\"container\" data-settings=\"{&quot;background_background&quot;:&quot;classic&quot;}\">\n\t\t<div class=\"elementor-element elementor-element-6afcd78 e-con-full e-flex elementor-invisible e-con e-child\" data-id=\"6afcd78\" data-element_type=\"container\" data-settings=\"{&quot;animation&quot;:&quot;fadeInUp&quot;}\">\n\t\t\t\t<div class=\"elementor-element elementor-element-5a9a6df elementor-widget__width-initial elementor-widget elementor-widget-text-editor\" data-id=\"5a9a6df\" data-element_type=\"widget\" data-widget_type=\"text-editor.default\">\n\t\t\t\t<div class=\"elementor-widget-container\">\n\t\t\t\t\t\t\t\t\t<div style=\"  background-color: #1e3764; color: white; line-height: 1.2;&gt;   &lt;span style=\" block=\"\" display:=\"\">+30 \u00e5r\n  \n <span style=\" font-size: 18px; display: block; \">av erfarenhet<\/span>\n<\/div>\t\t\t\t\t\t\t\t<\/div>\n\t\t\t\t<\/div>\n\t\t\t\t<\/div>\n\t\t<div class=\"elementor-element elementor-element-fb4d799 e-con-full e-flex e-con e-child\" data-id=\"fb4d799\" data-element_type=\"container\" data-settings=\"{&quot;background_background&quot;:&quot;classic&quot;}\">\n\t\t\t\t<\/div>\n\t\t\t\t<\/div>\n\t\t\t\t<\/div>\n\t\t\t\t\t<\/div>\n\t\t\t\t<\/div>\n\t\t<div class=\"elementor-element elementor-element-bb97811 e-flex e-con-boxed e-con e-parent\" data-id=\"bb97811\" data-element_type=\"container\" data-settings=\"{&quot;background_background&quot;:&quot;classic&quot;,&quot;shape_divider_bottom&quot;:&quot;triangle&quot;,&quot;shape_divider_bottom_negative&quot;:&quot;yes&quot;}\">\n\t\t\t\t\t<div class=\"e-con-inner\">\n\t\t\t\t<div class=\"elementor-shape elementor-shape-bottom\" aria-hidden=\"true\" data-negative=\"true\">\n\t\t\t<svg xmlns=\"http:\/\/www.w3.org\/2000\/svg\" viewBox=\"0 0 1000 100\" preserveAspectRatio=\"none\">\n\t<path class=\"elementor-shape-fill\" d=\"M500.2,94.7L0,0v100h1000V0L500.2,94.7z\"\/>\n<\/svg>\t\t<\/div>\n\t\t<div class=\"elementor-element elementor-element-5f2fa05 e-con-full e-flex e-con e-child\" data-id=\"5f2fa05\" data-element_type=\"container\">\n\t\t\t\t<div class=\"elementor-element elementor-element-5e60a97 elementor-widget elementor-widget-heading\" data-id=\"5e60a97\" data-element_type=\"widget\" data-widget_type=\"heading.default\">\n\t\t\t\t<div class=\"elementor-widget-container\">\n\t\t\t\t\t<h2 class=\"elementor-heading-title elementor-size-default\">\/\/V\u00e5ra tj\u00e4nster<\/h2>\t\t\t\t<\/div>\n\t\t\t\t<\/div>\n\t\t\t\t<div class=\"elementor-element elementor-element-50eed2a elementor-widget elementor-widget-heading\" data-id=\"50eed2a\" data-element_type=\"widget\" data-widget_type=\"heading.default\">\n\t\t\t\t<div class=\"elementor-widget-container\">\n\t\t\t\t\t<h2 class=\"elementor-heading-title elementor-size-default\">Advokat i Malaga<\/h2>\t\t\t\t<\/div>\n\t\t\t\t<\/div>\n\t\t\t\t<\/div>\n\t\t<div class=\"elementor-element elementor-element-7de026e e-con-full e-flex e-con e-child\" data-id=\"7de026e\" data-element_type=\"container\">\n\t\t<div class=\"elementor-element elementor-element-32cdd03 e-con-full e-flex e-con e-child\" data-id=\"32cdd03\" data-element_type=\"container\" data-settings=\"{&quot;background_background&quot;:&quot;classic&quot;}\">\n\t\t\t\t<\/div>\n\t\t<div class=\"elementor-element elementor-element-675dcb4 e-con-full e-flex e-con e-child\" data-id=\"675dcb4\" data-element_type=\"container\">\n\t\t\t\t<div class=\"elementor-element elementor-element-a5d1a8b elementor-widget elementor-widget-heading\" data-id=\"a5d1a8b\" data-element_type=\"widget\" data-widget_type=\"heading.default\">\n\t\t\t\t<div class=\"elementor-widget-container\">\n\t\t\t\t\t<h2 class=\"elementor-heading-title elementor-size-default\">Redovisningsr\u00e5dgivning Malaga<\/h2>\t\t\t\t<\/div>\n\t\t\t\t<\/div>\n\t\t\t\t<div class=\"elementor-element elementor-element-afea0d8 elementor-widget elementor-widget-text-editor\" data-id=\"afea0d8\" data-element_type=\"widget\" data-widget_type=\"text-editor.default\">\n\t\t\t\t<div class=\"elementor-widget-container\">\n\t\t\t\t\t\t\t\t\t<p>V\u00e5r <strong>bokf\u00f6ringsr\u00e5dgivning till f\u00f6retag i Malaga<\/strong> \u00e4r helt personlig eftersom skyldigheterna beror p\u00e5 varje aff\u00e4rssektor. <strong>Revisorerna<\/strong> p\u00e5 Aran Abogados vet vikten av tillf\u00f6rlitlig och transparent redovisning, dessa uppgifter kan ge v\u00e4rde n\u00e4r man fattar n\u00e5got ekonomiskt beslut.<br>Vi kommer att hantera din redovisning enligt den allm\u00e4nna redovisningsplanen, \u00e5rs- och kvartalsredovisningsboken och \u00e4ven: <\/p>\t\t\t\t\t\t\t\t<\/div>\n\t\t\t\t<\/div>\n\t\t\t\t<div class=\"elementor-element elementor-element-6106dd2 elementor-icon-list--layout-traditional elementor-list-item-link-full_width elementor-widget elementor-widget-icon-list\" data-id=\"6106dd2\" data-element_type=\"widget\" data-widget_type=\"icon-list.default\">\n\t\t\t\t<div class=\"elementor-widget-container\">\n\t\t\t\t\t\t\t<ul class=\"elementor-icon-list-items\">\n\t\t\t\t\t\t\t<li class=\"elementor-icon-list-item\">\n\t\t\t\t\t\t\t\t\t\t\t<span class=\"elementor-icon-list-icon\">\n\t\t\t\t\t\t\t<svg aria-hidden=\"true\" class=\"e-font-icon-svg e-fas-check\" viewBox=\"0 0 512 512\" xmlns=\"http:\/\/www.w3.org\/2000\/svg\"><path d=\"M173.898 439.404l-166.4-166.4c-9.997-9.997-9.997-26.206 0-36.204l36.203-36.204c9.997-9.998 26.207-9.998 36.204 0L192 312.69 432.095 72.596c9.997-9.997 26.207-9.997 36.204 0l36.203 36.204c9.997 9.997 9.997 26.206 0 36.204l-294.4 294.401c-9.998 9.997-26.207 9.997-36.204-.001z\"><\/path><\/svg>\t\t\t\t\t\t<\/span>\n\t\t\t\t\t\t\t\t\t\t<span class=\"elementor-icon-list-text\">Bokslutskommunik\u00e9 f\u00f6r r\u00e4kenskaps\u00e5ret<\/span>\n\t\t\t\t\t\t\t\t\t<\/li>\n\t\t\t\t\t\t\t\t<li class=\"elementor-icon-list-item\">\n\t\t\t\t\t\t\t\t\t\t\t<span class=\"elementor-icon-list-icon\">\n\t\t\t\t\t\t\t<svg aria-hidden=\"true\" class=\"e-font-icon-svg e-fas-check\" viewBox=\"0 0 512 512\" xmlns=\"http:\/\/www.w3.org\/2000\/svg\"><path d=\"M173.898 439.404l-166.4-166.4c-9.997-9.997-9.997-26.206 0-36.204l36.203-36.204c9.997-9.998 26.207-9.998 36.204 0L192 312.69 432.095 72.596c9.997-9.997 26.207-9.997 36.204 0l36.203 36.204c9.997 9.997 9.997 26.206 0 36.204l-294.4 294.401c-9.998 9.997-26.207 9.997-36.204-.001z\"><\/path><\/svg>\t\t\t\t\t\t<\/span>\n\t\t\t\t\t\t\t\t\t\t<span class=\"elementor-icon-list-text\">Bokf\u00f6ring och presentation av juridiska b\u00f6cker<\/span>\n\t\t\t\t\t\t\t\t\t<\/li>\n\t\t\t\t\t\t\t\t<li class=\"elementor-icon-list-item\">\n\t\t\t\t\t\t\t\t\t\t\t<span class=\"elementor-icon-list-icon\">\n\t\t\t\t\t\t\t<svg aria-hidden=\"true\" class=\"e-font-icon-svg e-fas-check\" viewBox=\"0 0 512 512\" xmlns=\"http:\/\/www.w3.org\/2000\/svg\"><path d=\"M173.898 439.404l-166.4-166.4c-9.997-9.997-9.997-26.206 0-36.204l36.203-36.204c9.997-9.998 26.207-9.998 36.204 0L192 312.69 432.095 72.596c9.997-9.997 26.207-9.997 36.204 0l36.203 36.204c9.997 9.997 9.997 26.206 0 36.204l-294.4 294.401c-9.998 9.997-26.207 9.997-36.204-.001z\"><\/path><\/svg>\t\t\t\t\t\t<\/span>\n\t\t\t\t\t\t\t\t\t\t<span class=\"elementor-icon-list-text\">Uppr\u00e4ttande och intygande av finansiella rapporter<\/span>\n\t\t\t\t\t\t\t\t\t<\/li>\n\t\t\t\t\t\t<\/ul>\n\t\t\t\t\t\t<\/div>\n\t\t\t\t<\/div>\n\t\t\t\t<\/div>\n\t\t\t\t<\/div>\n\t\t<div class=\"elementor-element elementor-element-c2ac220 e-con-full e-flex e-con e-child\" data-id=\"c2ac220\" data-element_type=\"container\">\n\t\t<div class=\"elementor-element elementor-element-49d8369 e-con-full e-flex e-con e-child\" data-id=\"49d8369\" data-element_type=\"container\">\n\t\t\t\t<div class=\"elementor-element elementor-element-e74020d elementor-widget elementor-widget-heading\" data-id=\"e74020d\" data-element_type=\"widget\" data-widget_type=\"heading.default\">\n\t\t\t\t<div class=\"elementor-widget-container\">\n\t\t\t\t\t<h2 class=\"elementor-heading-title elementor-size-default\">Anst\u00e4llningsr\u00e5dgivning Malaga<\/h2>\t\t\t\t<\/div>\n\t\t\t\t<\/div>\n\t\t\t\t<div class=\"elementor-element elementor-element-5dd24de elementor-widget elementor-widget-text-editor\" data-id=\"5dd24de\" data-element_type=\"widget\" data-widget_type=\"text-editor.default\">\n\t\t\t\t<div class=\"elementor-widget-container\">\n\t\t\t\t\t\t\t\t\t<p>V\u00e5r <strong>arbetsr\u00e4ttsliga r\u00e5dgivning till f\u00f6retag<\/strong> \u00e4r i grunden inriktad p\u00e5 att l\u00f6sa alla problem som v\u00e5ra klienter kan ha, oavsett om de \u00e4r arbetsgivare eller arbetstagare, och s\u00e4kerst\u00e4lla den b\u00e4sta l\u00f6sningen p\u00e5 alla eventuella konflikter som kan uppst\u00e5.<\/p><p>Tack vare v\u00e5r advokatbyr\u00e5s \u00f6vriga specialiseringar har vi en helt\u00e4ckande \u00f6verblick \u00f6ver alla tekniska och juridiska aspekter som r\u00f6r arbetsr\u00e4tten.<\/p>\t\t\t\t\t\t\t\t<\/div>\n\t\t\t\t<\/div>\n\t\t\t\t<\/div>\n\t\t<div class=\"elementor-element elementor-element-c41c9b6 e-con-full e-flex e-con e-child\" data-id=\"c41c9b6\" data-element_type=\"container\" data-settings=\"{&quot;background_background&quot;:&quot;classic&quot;}\">\n\t\t\t\t<\/div>\n\t\t\t\t<\/div>\n\t\t<div class=\"elementor-element elementor-element-8d7d0cf e-con-full e-flex e-con e-child\" data-id=\"8d7d0cf\" data-element_type=\"container\">\n\t\t<div class=\"elementor-element elementor-element-636ce64 e-con-full e-flex e-con e-child\" data-id=\"636ce64\" data-element_type=\"container\" data-settings=\"{&quot;background_background&quot;:&quot;classic&quot;}\">\n\t\t\t\t<\/div>\n\t\t<div class=\"elementor-element elementor-element-65901b0 e-con-full e-flex e-con e-child\" data-id=\"65901b0\" data-element_type=\"container\">\n\t\t\t\t<div class=\"elementor-element elementor-element-e0737a2 elementor-widget elementor-widget-heading\" data-id=\"e0737a2\" data-element_type=\"widget\" data-widget_type=\"heading.default\">\n\t\t\t\t<div class=\"elementor-widget-container\">\n\t\t\t\t\t<h2 class=\"elementor-heading-title elementor-size-default\">Skatter\u00e5dgivning<\/h2>\t\t\t\t<\/div>\n\t\t\t\t<\/div>\n\t\t\t\t<div class=\"elementor-element elementor-element-a765105 elementor-widget elementor-widget-text-editor\" data-id=\"a765105\" data-element_type=\"widget\" data-widget_type=\"text-editor.default\">\n\t\t\t\t<div class=\"elementor-widget-container\">\n\t\t\t\t\t\t\t\t\t<div class=\"et_pb_section et_pb_section_1 et_section_regular et_section_transparent\"><div class=\" et_pb_row et_pb_row_2 et_pb_row_fullwidth\"><div class=\"et_pb_column et_pb_column_1_3 et_pb_column_5\"><div class=\"et_pb_blurb et_pb_module et_pb_bg_layout_light et_pb_text_align_justified et_pb_blurb_2 et_pb_blurb_position_top\"><div class=\"et_pb_blurb_content\"><div class=\"et_pb_blurb_container\"><div class=\"et_pb_blurb_description\"><p>P\u00e5 <strong>Aran Lawyers Malaga<\/strong> erbjuder vi dig en <strong>skatter\u00e5dgivningstj\u00e4nst f\u00f6r ditt f\u00f6retag<\/strong>; skatteomr\u00e5det kommer bara att ge dig st\u00f6rre f\u00f6rdelar eftersom du kommer att kunna koncentrera alla dina anstr\u00e4ngningar p\u00e5 andra mer strategiska omr\u00e5den f\u00f6r ditt f\u00f6retag.<\/p><p>Med denna tj\u00e4nst kommer du att <strong>uppfylla dina skattef\u00f6rpliktelser i r\u00e4tt tid och form<\/strong> och optimera de ovann\u00e4mnda skyldigheterna s\u00e5 mycket som m\u00f6jligt. Ni kommer ocks\u00e5 att kunna dra nytta av de besparingar som kan uppn\u00e5s genom att anv\u00e4nda alla de mekanismer som f\u00f6retaget har tillg\u00e5ng till (anst\u00e4llningsbonusar, handikapp, FoU-utveckling, l\u00e5n att v\u00e4lja mellan, leasing, hyra) f\u00f6r att minska er skattekostnad. <\/p><\/div><\/div><\/div><\/div><\/div><\/div><\/div>\t\t\t\t\t\t\t\t<\/div>\n\t\t\t\t<\/div>\n\t\t\t\t<\/div>\n\t\t\t\t<\/div>\n\t\t\t\t\t<\/div>\n\t\t\t\t<\/div>\n\t\t<div class=\"elementor-element elementor-element-a41d4d4 e-flex e-con-boxed e-con e-parent\" data-id=\"a41d4d4\" data-element_type=\"container\">\n\t\t\t\t\t<div class=\"e-con-inner\">\n\t\t<div class=\"elementor-element elementor-element-e4c3b90 e-con-full e-flex e-con e-child\" data-id=\"e4c3b90\" data-element_type=\"container\">\n\t\t<div class=\"elementor-element elementor-element-228ac0c e-con-full e-flex e-con e-child\" data-id=\"228ac0c\" data-element_type=\"container\">\n\t\t\t\t<div class=\"elementor-element elementor-element-1fab89b elementor-widget elementor-widget-heading\" data-id=\"1fab89b\" data-element_type=\"widget\" data-widget_type=\"heading.default\">\n\t\t\t\t<div class=\"elementor-widget-container\">\n\t\t\t\t\t<h2 class=\"elementor-heading-title elementor-size-default\">\/\/Contacto<\/h2>\t\t\t\t<\/div>\n\t\t\t\t<\/div>\n\t\t\t\t<div class=\"elementor-element elementor-element-93e9195 elementor-widget elementor-widget-heading\" data-id=\"93e9195\" data-element_type=\"widget\" data-widget_type=\"heading.default\">\n\t\t\t\t<div class=\"elementor-widget-container\">\n\t\t\t\t\t<h2 class=\"elementor-heading-title elementor-size-default\">F\u00e5 en kostnadsfri konsultation<\/h2>\t\t\t\t<\/div>\n\t\t\t\t<\/div>\n\t\t\t\t<div class=\"elementor-element elementor-element-14493946 elementor-button-align-start elementor-widget elementor-widget-global elementor-global-1520 elementor-widget-form\" data-id=\"14493946\" data-element_type=\"widget\" data-settings=\"{&quot;step_previous_label&quot;:&quot;Anterior&quot;,&quot;button_width&quot;:&quot;100&quot;,&quot;step_type&quot;:&quot;number_text&quot;,&quot;step_icon_shape&quot;:&quot;circle&quot;}\" data-widget_type=\"form.default\">\n\t\t\t\t<div class=\"elementor-widget-container\">\n\t\t\t\t\t\t\t<form class=\"elementor-form\" method=\"post\" name=\"Nuevo formulario\">\n\t\t\t<input type=\"hidden\" name=\"post_id\" value=\"986\"\/>\n\t\t\t<input type=\"hidden\" name=\"form_id\" value=\"14493946\"\/>\n\t\t\t<input type=\"hidden\" name=\"referer_title\" value=\"\" \/>\n\n\t\t\t\n\t\t\t<div class=\"elementor-form-fields-wrapper elementor-labels-\">\n\t\t\t\t\t\t\t\t<div class=\"elementor-field-type-text elementor-field-group elementor-column elementor-field-group-name elementor-col-100 elementor-field-required\">\n\t\t\t\t\t\t\t\t\t\t\t\t<label for=\"form-field-name\" class=\"elementor-field-label elementor-screen-only\">\n\t\t\t\t\t\t\t\tNombre\t\t\t\t\t\t\t<\/label>\n\t\t\t\t\t\t\t\t\t\t\t\t\t\t<input size=\"1\" type=\"text\" name=\"form_fields[name]\" id=\"form-field-name\" class=\"elementor-field elementor-size-md  elementor-field-textual\" placeholder=\"Namn *\" required=\"required\">\n\t\t\t\t\t\t\t\t\t\t\t<\/div>\n\t\t\t\t\t\t\t\t<div class=\"elementor-field-type-text\">\n\t\t\t\t\t<input size=\"1\" type=\"text\" name=\"form_fields[field_e5ae545]\" id=\"form-field-field_e5ae545\" class=\"elementor-field elementor-size-md \" style=\"display:none !important;\">\t\t\t\t<\/div>\n\t\t\t\t\t\t\t\t<div class=\"elementor-field-type-tel elementor-field-group elementor-column elementor-field-group-telefono elementor-col-100\">\n\t\t\t\t\t\t\t\t\t\t\t\t<label for=\"form-field-telefono\" class=\"elementor-field-label elementor-screen-only\">\n\t\t\t\t\t\t\t\tTel\u00e9fono\t\t\t\t\t\t\t<\/label>\n\t\t\t\t\t\t\t\t<input size=\"1\" type=\"tel\" name=\"form_fields[telefono]\" id=\"form-field-telefono\" class=\"elementor-field elementor-size-md  elementor-field-textual\" placeholder=\"Telefon\" pattern=\"[0-9()#&amp;+*-=.]+\" title=\"Endast siffror och telefontecken (#, -, *, etc) accepteras.\">\n\n\t\t\t\t\t\t<\/div>\n\t\t\t\t\t\t\t\t<div class=\"elementor-field-type-email elementor-field-group elementor-column elementor-field-group-email elementor-col-100 elementor-field-required\">\n\t\t\t\t\t\t\t\t\t\t\t\t<label for=\"form-field-email\" class=\"elementor-field-label elementor-screen-only\">\n\t\t\t\t\t\t\t\tCorreo electr\u00f3nico\t\t\t\t\t\t\t<\/label>\n\t\t\t\t\t\t\t\t\t\t\t\t\t\t<input size=\"1\" type=\"email\" name=\"form_fields[email]\" id=\"form-field-email\" class=\"elementor-field elementor-size-md  elementor-field-textual\" placeholder=\"E-postadress *\" required=\"required\">\n\t\t\t\t\t\t\t\t\t\t\t<\/div>\n\t\t\t\t\t\t\t\t<div class=\"elementor-field-type-textarea elementor-field-group elementor-column elementor-field-group-message elementor-col-100\">\n\t\t\t\t\t\t\t\t\t\t\t\t<label for=\"form-field-message\" class=\"elementor-field-label elementor-screen-only\">\n\t\t\t\t\t\t\t\tMensaje\t\t\t\t\t\t\t<\/label>\n\t\t\t\t\t\t<textarea class=\"elementor-field-textual elementor-field  elementor-size-md\" name=\"form_fields[message]\" id=\"form-field-message\" rows=\"4\" placeholder=\"Meddelande *\"><\/textarea>\t\t\t\t<\/div>\n\t\t\t\t\t\t\t\t<div class=\"elementor-field-type-recaptcha elementor-field-group elementor-column elementor-field-group-field_2263f9f elementor-col-100\">\n\t\t\t\t\t<div class=\"elementor-field\" id=\"form-field-field_2263f9f\"><div class=\"elementor-g-recaptcha\" data-sitekey=\"6LfGOLsrAAAAANzHOXFhlMzdHjmybTQusFxLi8lD\" data-type=\"v2_checkbox\" data-theme=\"light\" data-size=\"normal\"><\/div><\/div>\t\t\t\t<\/div>\n\t\t\t\t\t\t\t\t<div class=\"elementor-field-type-checkbox elementor-field-group elementor-column elementor-field-group-field_02642c2 elementor-col-100\">\n\t\t\t\t\t\t\t\t\t\t\t\t<label for=\"form-field-field_02642c2\" class=\"elementor-field-label elementor-screen-only\">\n\t\t\t\t\t\t\t\tPrivacidad\t\t\t\t\t\t\t<\/label>\n\t\t\t\t\t\t<div class=\"elementor-field-subgroup  \"><span class=\"elementor-field-option\"><input type=\"checkbox\" value=\"Jag har l\u00e4st och accepterar &lt;a href=&quot;https:\/\/abogadosmalaga-aran.com\/sv\/integritetspolicy\/&quot;&gt;Abogados Ar\u00e1ns integritetspolicy&lt;\/a&gt;.\" id=\"form-field-field_02642c2-0\" name=\"form_fields[field_02642c2]\"> <label for=\"form-field-field_02642c2-0\">Jag har l\u00e4st och accepterar <a href=\"https:\/\/abogadosmalaga-aran.com\/sv\/integritetspolicy\/\">Abogados Ar\u00e1ns integritetspolicy<\/a>.<\/label><\/span><\/div>\t\t\t\t<\/div>\n\t\t\t\t\t\t\t\t<div class=\"elementor-field-type-html elementor-field-group elementor-column elementor-field-group-field_042ccdc elementor-col-100\">\n\t\t\t\t\t(*) Obligatoriska f\u00e4lt\t\t\t\t<\/div>\n\t\t\t\t\t\t\t\t<div class=\"elementor-field-group elementor-column elementor-field-type-submit elementor-col-100 e-form__buttons\">\n\t\t\t\t\t<button class=\"elementor-button elementor-size-sm\" type=\"submit\">\n\t\t\t\t\t\t<span class=\"elementor-button-content-wrapper\">\n\t\t\t\t\t\t\t\t\t\t\t\t\t\t\t\t\t\t\t\t\t\t<span class=\"elementor-button-text\">Skicka<\/span>\n\t\t\t\t\t\t\t\t\t\t\t\t\t<\/span>\n\t\t\t\t\t<\/button>\n\t\t\t\t<\/div>\n\t\t\t<\/div>\n\t\t<\/form>\n\t\t\t\t\t\t<\/div>\n\t\t\t\t<\/div>\n\t\t\t\t<\/div>\n\t\t<div class=\"elementor-element elementor-element-321d248 e-con-full marco-bufete e-flex e-con e-child\" data-id=\"321d248\" data-element_type=\"container\" data-settings=\"{&quot;background_background&quot;:&quot;classic&quot;}\">\n\t\t\t\t<\/div>\n\t\t\t\t<\/div>\n\t\t\t\t\t<\/div>\n\t\t\t\t<\/div>\n\t\t\t\t<\/div>\n\t\t","protected":false},"excerpt":{"rendered":"<p>St\u00e4rk ditt f\u00f6retag med expertr\u00e5dgivning i Malaga F\u00f6rsta konsultationen GRATIS! JAG \u00c4R INTRESSERAD! \/\/F\u00e5 ditt f\u00f6retag att v\u00e4xa med specialiserad konsultverksamhet i Malaga F\u00f6retagsr\u00e5dgivning Malaga Redovisning, skatt och juridiskt st\u00f6d skr\u00e4ddarsytt f\u00f6r dina aff\u00e4rsbehov Om du letar efter en arbets-, redovisnings- eller skatter\u00e5dgivning i Malaga, som \u00e4r professionell f\u00f6r ditt f\u00f6retag och helt involverad i [&hellip;]<\/p>\n","protected":false},"author":1,"featured_media":0,"parent":0,"menu_order":0,"comment_status":"closed","ping_status":"closed","template":"","meta":{"om_disable_all_campaigns":false,"_monsterinsights_skip_tracking":false,"_monsterinsights_sitenote_active":false,"_monsterinsights_sitenote_note":"","_monsterinsights_sitenote_category":0,"footnotes":""},"class_list":["post-986","page","type-page","status-publish","hentry"],"aioseo_notices":[],"_links":{"self":[{"href":"https:\/\/abogadosmalaga-aran.com\/sv\/wp-json\/wp\/v2\/pages\/986","targetHints":{"allow":["GET"]}}],"collection":[{"href":"https:\/\/abogadosmalaga-aran.com\/sv\/wp-json\/wp\/v2\/pages"}],"about":[{"href":"https:\/\/abogadosmalaga-aran.com\/sv\/wp-json\/wp\/v2\/types\/page"}],"author":[{"embeddable":true,"href":"https:\/\/abogadosmalaga-aran.com\/sv\/wp-json\/wp\/v2\/users\/1"}],"replies":[{"embeddable":true,"href":"https:\/\/abogadosmalaga-aran.com\/sv\/wp-json\/wp\/v2\/comments?post=986"}],"version-history":[{"count":4,"href":"https:\/\/abogadosmalaga-aran.com\/sv\/wp-json\/wp\/v2\/pages\/986\/revisions"}],"predecessor-version":[{"id":1556,"href":"https:\/\/abogadosmalaga-aran.com\/sv\/wp-json\/wp\/v2\/pages\/986\/revisions\/1556"}],"wp:attachment":[{"href":"https:\/\/abogadosmalaga-aran.com\/sv\/wp-json\/wp\/v2\/media?parent=986"}],"curies":[{"name":"wp","href":"https:\/\/api.w.org\/{rel}","templated":true}]}}