{"id":991,"date":"2025-05-19T11:24:16","date_gmt":"2025-05-19T09:24:16","guid":{"rendered":"https:\/\/abogadosmalaga-aran.com\/index.php\/liiketoiminnan-konsultointi\/"},"modified":"2025-09-16T11:27:06","modified_gmt":"2025-09-16T09:27:06","slug":"liiketoiminnan-konsultointi","status":"publish","type":"page","link":"https:\/\/abogadosmalaga-aran.com\/fi\/liiketoiminnan-konsultointi\/","title":{"rendered":"Liiketoiminnan konsultointi"},"content":{"rendered":"\t\t<div data-elementor-type=\"wp-page\" data-elementor-id=\"991\" class=\"elementor elementor-991 elementor-132\" data-elementor-post-type=\"page\">\n\t\t\t\t<div class=\"elementor-element elementor-element-824d1fe e-flex e-con-boxed e-con e-parent\" data-id=\"824d1fe\" data-element_type=\"container\" data-settings=\"{&quot;background_background&quot;:&quot;classic&quot;}\">\n\t\t\t\t\t<div class=\"e-con-inner\">\n\t\t\t\t<div class=\"elementor-element elementor-element-880dcea elementor-widget__width-initial elementor-widget elementor-widget-heading\" data-id=\"880dcea\" data-element_type=\"widget\" data-widget_type=\"heading.default\">\n\t\t\t\t<div class=\"elementor-widget-container\">\n\t\t\t\t\t<h1 class=\"elementor-heading-title elementor-size-default\">Tehosta liiketoimintaasi asiantuntijaneuvonnalla Malagassa<\/h1>\t\t\t\t<\/div>\n\t\t\t\t<\/div>\n\t\t\t\t<div class=\"elementor-element elementor-element-14b910b elementor-widget elementor-widget-text-editor\" data-id=\"14b910b\" data-element_type=\"widget\" data-widget_type=\"text-editor.default\">\n\t\t\t\t<div class=\"elementor-widget-container\">\n\t\t\t\t\t\t\t\t\t<p>Ensimm\u00e4inen kuuleminen <b>ILMAINEN<\/b>!<\/p>\t\t\t\t\t\t\t\t<\/div>\n\t\t\t\t<\/div>\n\t\t\t\t<div class=\"elementor-element elementor-element-798eefc elementor-widget__width-initial boton-marco elementor-widget elementor-widget-button\" data-id=\"798eefc\" data-element_type=\"widget\" data-widget_type=\"button.default\">\n\t\t\t\t<div class=\"elementor-widget-container\">\n\t\t\t\t\t\t\t\t\t<div class=\"elementor-button-wrapper\">\n\t\t\t\t\t<a class=\"elementor-button elementor-button-link elementor-size-sm\" href=\"#\">\n\t\t\t\t\t\t<span class=\"elementor-button-content-wrapper\">\n\t\t\t\t\t\t\t\t\t<span class=\"elementor-button-text\">OLEN KIINNOSTUNUT!<\/span>\n\t\t\t\t\t<\/span>\n\t\t\t\t\t<\/a>\n\t\t\t\t<\/div>\n\t\t\t\t\t\t\t\t<\/div>\n\t\t\t\t<\/div>\n\t\t\t\t\t<\/div>\n\t\t\t\t<\/div>\n\t\t<div class=\"elementor-element elementor-element-995b4b7 e-flex e-con-boxed e-con e-parent\" data-id=\"995b4b7\" data-element_type=\"container\">\n\t\t\t\t\t<div class=\"e-con-inner\">\n\t\t\t\t<div class=\"elementor-element elementor-element-18b8c55 elementor-widget elementor-widget-heading\" data-id=\"18b8c55\" data-element_type=\"widget\" data-widget_type=\"heading.default\">\n\t\t\t\t<div class=\"elementor-widget-container\">\n\t\t\t\t\t<h2 class=\"elementor-heading-title elementor-size-default\">\/\/Maksaa yrityksesi kasvaa erikoistuneen konsultoinnin avulla Malagassa<\/h2>\t\t\t\t<\/div>\n\t\t\t\t<\/div>\n\t\t\t\t<div class=\"elementor-element elementor-element-1e769d3 elementor-widget elementor-widget-heading\" data-id=\"1e769d3\" data-element_type=\"widget\" data-widget_type=\"heading.default\">\n\t\t\t\t<div class=\"elementor-widget-container\">\n\t\t\t\t\t<h2 class=\"elementor-heading-title elementor-size-default\">Yrityskonsultointi Malaga<\/h2>\t\t\t\t<\/div>\n\t\t\t\t<\/div>\n\t\t<div class=\"elementor-element elementor-element-b61eeb6 e-con-full e-flex e-con e-child\" data-id=\"b61eeb6\" data-element_type=\"container\">\n\t\t<div class=\"elementor-element elementor-element-1d2c0d6 e-con-full e-flex e-con e-child\" data-id=\"1d2c0d6\" data-element_type=\"container\">\n\t\t\t\t<div class=\"elementor-element elementor-element-b07e483 elementor-widget elementor-widget-heading\" data-id=\"b07e483\" data-element_type=\"widget\" data-widget_type=\"heading.default\">\n\t\t\t\t<div class=\"elementor-widget-container\">\n\t\t\t\t\t<h2 class=\"elementor-heading-title elementor-size-default\">Yrityksesi tarpeisiin r\u00e4\u00e4t\u00e4l\u00f6ity kirjanpito, verotus ja oikeudellinen tuki.<\/h2>\t\t\t\t<\/div>\n\t\t\t\t<\/div>\n\t\t\t\t<div class=\"elementor-element elementor-element-a559381 elementor-widget__width-initial elementor-widget elementor-widget-text-editor\" data-id=\"a559381\" data-element_type=\"widget\" data-widget_type=\"text-editor.default\">\n\t\t\t\t<div class=\"elementor-widget-container\">\n\t\t\t\t\t\t\t\t\t<p>Jos etsit <strong>Malagasta ty\u00f6voima-, kirjanpito- tai verokonsulttitoimistoa<\/strong>, joka on ammattitaitoinen yrityksesi kannalta ja joka on t\u00e4ysin sitoutunut asiakkaaseen, me olemme ratkaisu. Olemme Malagassa. Toimistossamme on lakimiehi\u00e4, jotka ovat yritysten neuvonnan asiantuntijoita.  <\/p><p><strong>Aran Abogados<\/strong> tarjoaa sinulle erikoistuneita neuvonantajia, jotka takaavat henkil\u00f6kohtaisen ja avoimen kohtelun aina. Aran Abogadosin yritysneuvonta Malagassa on jatkuvasti ajan tasalla kirjanpidon, ty\u00f6el\u00e4m\u00e4n ja verotuksen alan nykyisten s\u00e4\u00e4nn\u00f6sten ja v\u00e4lineiden osalta, jotka ovat aina asiakkaidemme k\u00e4ytett\u00e4viss\u00e4. <\/p>\t\t\t\t\t\t\t\t<\/div>\n\t\t\t\t<\/div>\n\t\t\t\t<\/div>\n\t\t<div class=\"elementor-element elementor-element-ca00161 e-con-full marco-bufete e-flex e-con e-child\" data-id=\"ca00161\" data-element_type=\"container\" data-settings=\"{&quot;background_background&quot;:&quot;classic&quot;}\">\n\t\t<div class=\"elementor-element elementor-element-6afcd78 e-con-full e-flex elementor-invisible e-con e-child\" data-id=\"6afcd78\" data-element_type=\"container\" data-settings=\"{&quot;animation&quot;:&quot;fadeInUp&quot;}\">\n\t\t\t\t<div class=\"elementor-element elementor-element-5a9a6df elementor-widget__width-initial elementor-widget elementor-widget-text-editor\" data-id=\"5a9a6df\" data-element_type=\"widget\" data-widget_type=\"text-editor.default\">\n\t\t\t\t<div class=\"elementor-widget-container\">\n\t\t\t\t\t\t\t\t\t<div style=\"  background-color: #1e3764; color: white; line-height: 1.2;&gt;   &lt;span style=\" block=\"\" display:=\"\">+30 vuoden <span style=\" font-size: 18px; display: block; \">kokemus<\/span>\n  \n \n<\/div>\t\t\t\t\t\t\t\t<\/div>\n\t\t\t\t<\/div>\n\t\t\t\t<\/div>\n\t\t<div class=\"elementor-element elementor-element-fb4d799 e-con-full e-flex e-con e-child\" data-id=\"fb4d799\" data-element_type=\"container\" data-settings=\"{&quot;background_background&quot;:&quot;classic&quot;}\">\n\t\t\t\t<\/div>\n\t\t\t\t<\/div>\n\t\t\t\t<\/div>\n\t\t\t\t\t<\/div>\n\t\t\t\t<\/div>\n\t\t<div class=\"elementor-element elementor-element-bb97811 e-flex e-con-boxed e-con e-parent\" data-id=\"bb97811\" data-element_type=\"container\" data-settings=\"{&quot;background_background&quot;:&quot;classic&quot;,&quot;shape_divider_bottom&quot;:&quot;triangle&quot;,&quot;shape_divider_bottom_negative&quot;:&quot;yes&quot;}\">\n\t\t\t\t\t<div class=\"e-con-inner\">\n\t\t\t\t<div class=\"elementor-shape elementor-shape-bottom\" aria-hidden=\"true\" data-negative=\"true\">\n\t\t\t<svg xmlns=\"http:\/\/www.w3.org\/2000\/svg\" viewBox=\"0 0 1000 100\" preserveAspectRatio=\"none\">\n\t<path class=\"elementor-shape-fill\" d=\"M500.2,94.7L0,0v100h1000V0L500.2,94.7z\"\/>\n<\/svg>\t\t<\/div>\n\t\t<div class=\"elementor-element elementor-element-5f2fa05 e-con-full e-flex e-con e-child\" data-id=\"5f2fa05\" data-element_type=\"container\">\n\t\t\t\t<div class=\"elementor-element elementor-element-5e60a97 elementor-widget elementor-widget-heading\" data-id=\"5e60a97\" data-element_type=\"widget\" data-widget_type=\"heading.default\">\n\t\t\t\t<div class=\"elementor-widget-container\">\n\t\t\t\t\t<h2 class=\"elementor-heading-title elementor-size-default\">\/\/Palvelumme<\/h2>\t\t\t\t<\/div>\n\t\t\t\t<\/div>\n\t\t\t\t<div class=\"elementor-element elementor-element-50eed2a elementor-widget elementor-widget-heading\" data-id=\"50eed2a\" data-element_type=\"widget\" data-widget_type=\"heading.default\">\n\t\t\t\t<div class=\"elementor-widget-container\">\n\t\t\t\t\t<h2 class=\"elementor-heading-title elementor-size-default\">Asianajaja Malagassa<\/h2>\t\t\t\t<\/div>\n\t\t\t\t<\/div>\n\t\t\t\t<\/div>\n\t\t<div class=\"elementor-element elementor-element-7de026e e-con-full e-flex e-con e-child\" data-id=\"7de026e\" data-element_type=\"container\">\n\t\t<div class=\"elementor-element elementor-element-32cdd03 e-con-full e-flex e-con e-child\" data-id=\"32cdd03\" data-element_type=\"container\" data-settings=\"{&quot;background_background&quot;:&quot;classic&quot;}\">\n\t\t\t\t<\/div>\n\t\t<div class=\"elementor-element elementor-element-675dcb4 e-con-full e-flex e-con e-child\" data-id=\"675dcb4\" data-element_type=\"container\">\n\t\t\t\t<div class=\"elementor-element elementor-element-a5d1a8b elementor-widget elementor-widget-heading\" data-id=\"a5d1a8b\" data-element_type=\"widget\" data-widget_type=\"heading.default\">\n\t\t\t\t<div class=\"elementor-widget-container\">\n\t\t\t\t\t<h2 class=\"elementor-heading-title elementor-size-default\">Kirjanpitoneuvonta Malaga<\/h2>\t\t\t\t<\/div>\n\t\t\t\t<\/div>\n\t\t\t\t<div class=\"elementor-element elementor-element-afea0d8 elementor-widget elementor-widget-text-editor\" data-id=\"afea0d8\" data-element_type=\"widget\" data-widget_type=\"text-editor.default\">\n\t\t\t\t<div class=\"elementor-widget-container\">\n\t\t\t\t\t\t\t\t\t<p><strong>Malagan yrityksille tarjoamamme kirjanpitoneuvonta<\/strong> on t\u00e4ysin yksil\u00f6llist\u00e4, sill\u00e4 velvoitteet riippuvat kustakin toimialasta. Aran Abogadosin <strong>kirjanpit\u00e4j\u00e4t<\/strong> tiet\u00e4v\u00e4t luotettavan ja avoimen kirjanpidon merkityksen, sill\u00e4 n\u00e4m\u00e4 tiedot voivat tuottaa arvoa mit\u00e4 tahansa taloudellista p\u00e4\u00e4t\u00f6st\u00e4 teht\u00e4ess\u00e4.<br>Hoidamme kirjanpitosi yleisen kirjanpitosuunnitelman, vuosi- ja nelj\u00e4nnesvuosikirjan sek\u00e4 my\u00f6s: <\/p>\t\t\t\t\t\t\t\t<\/div>\n\t\t\t\t<\/div>\n\t\t\t\t<div class=\"elementor-element elementor-element-6106dd2 elementor-icon-list--layout-traditional elementor-list-item-link-full_width elementor-widget elementor-widget-icon-list\" data-id=\"6106dd2\" data-element_type=\"widget\" data-widget_type=\"icon-list.default\">\n\t\t\t\t<div class=\"elementor-widget-container\">\n\t\t\t\t\t\t\t<ul class=\"elementor-icon-list-items\">\n\t\t\t\t\t\t\t<li class=\"elementor-icon-list-item\">\n\t\t\t\t\t\t\t\t\t\t\t<span class=\"elementor-icon-list-icon\">\n\t\t\t\t\t\t\t<svg aria-hidden=\"true\" class=\"e-font-icon-svg e-fas-check\" viewBox=\"0 0 512 512\" xmlns=\"http:\/\/www.w3.org\/2000\/svg\"><path d=\"M173.898 439.404l-166.4-166.4c-9.997-9.997-9.997-26.206 0-36.204l36.203-36.204c9.997-9.998 26.207-9.998 36.204 0L192 312.69 432.095 72.596c9.997-9.997 26.207-9.997 36.204 0l36.203 36.204c9.997 9.997 9.997 26.206 0 36.204l-294.4 294.401c-9.998 9.997-26.207 9.997-36.204-.001z\"><\/path><\/svg>\t\t\t\t\t\t<\/span>\n\t\t\t\t\t\t\t\t\t\t<span class=\"elementor-icon-list-text\">Verovuoden p\u00e4\u00e4tt\u00e4minen<\/span>\n\t\t\t\t\t\t\t\t\t<\/li>\n\t\t\t\t\t\t\t\t<li class=\"elementor-icon-list-item\">\n\t\t\t\t\t\t\t\t\t\t\t<span class=\"elementor-icon-list-icon\">\n\t\t\t\t\t\t\t<svg aria-hidden=\"true\" class=\"e-font-icon-svg e-fas-check\" viewBox=\"0 0 512 512\" xmlns=\"http:\/\/www.w3.org\/2000\/svg\"><path d=\"M173.898 439.404l-166.4-166.4c-9.997-9.997-9.997-26.206 0-36.204l36.203-36.204c9.997-9.998 26.207-9.998 36.204 0L192 312.69 432.095 72.596c9.997-9.997 26.207-9.997 36.204 0l36.203 36.204c9.997 9.997 9.997 26.206 0 36.204l-294.4 294.401c-9.998 9.997-26.207 9.997-36.204-.001z\"><\/path><\/svg>\t\t\t\t\t\t<\/span>\n\t\t\t\t\t\t\t\t\t\t<span class=\"elementor-icon-list-text\">Kirjanpito ja lakis\u00e4\u00e4teisten kirjojen esitt\u00e4minen<\/span>\n\t\t\t\t\t\t\t\t\t<\/li>\n\t\t\t\t\t\t\t\t<li class=\"elementor-icon-list-item\">\n\t\t\t\t\t\t\t\t\t\t\t<span class=\"elementor-icon-list-icon\">\n\t\t\t\t\t\t\t<svg aria-hidden=\"true\" class=\"e-font-icon-svg e-fas-check\" viewBox=\"0 0 512 512\" xmlns=\"http:\/\/www.w3.org\/2000\/svg\"><path d=\"M173.898 439.404l-166.4-166.4c-9.997-9.997-9.997-26.206 0-36.204l36.203-36.204c9.997-9.998 26.207-9.998 36.204 0L192 312.69 432.095 72.596c9.997-9.997 26.207-9.997 36.204 0l36.203 36.204c9.997 9.997 9.997 26.206 0 36.204l-294.4 294.401c-9.998 9.997-26.207 9.997-36.204-.001z\"><\/path><\/svg>\t\t\t\t\t\t<\/span>\n\t\t\t\t\t\t\t\t\t\t<span class=\"elementor-icon-list-text\">Tilinp\u00e4\u00e4t\u00f6ksen laatiminen ja varmentaminen<\/span>\n\t\t\t\t\t\t\t\t\t<\/li>\n\t\t\t\t\t\t<\/ul>\n\t\t\t\t\t\t<\/div>\n\t\t\t\t<\/div>\n\t\t\t\t<\/div>\n\t\t\t\t<\/div>\n\t\t<div class=\"elementor-element elementor-element-c2ac220 e-con-full e-flex e-con e-child\" data-id=\"c2ac220\" data-element_type=\"container\">\n\t\t<div class=\"elementor-element elementor-element-49d8369 e-con-full e-flex e-con e-child\" data-id=\"49d8369\" data-element_type=\"container\">\n\t\t\t\t<div class=\"elementor-element elementor-element-e74020d elementor-widget elementor-widget-heading\" data-id=\"e74020d\" data-element_type=\"widget\" data-widget_type=\"heading.default\">\n\t\t\t\t<div class=\"elementor-widget-container\">\n\t\t\t\t\t<h2 class=\"elementor-heading-title elementor-size-default\">Ty\u00f6llisyysneuvonta Malaga<\/h2>\t\t\t\t<\/div>\n\t\t\t\t<\/div>\n\t\t\t\t<div class=\"elementor-element elementor-element-5dd24de elementor-widget elementor-widget-text-editor\" data-id=\"5dd24de\" data-element_type=\"widget\" data-widget_type=\"text-editor.default\">\n\t\t\t\t<div class=\"elementor-widget-container\">\n\t\t\t\t\t\t\t\t\t<p><strong>Yrityksille tarjoamamme ty\u00f6suhdeneuvonta<\/strong> keskittyy pohjimmiltaan kaikkien asiakkaidemme ongelmien ratkaisemiseen riippumatta siit\u00e4, ovatko he ty\u00f6nantajia vai ty\u00f6ntekij\u00f6it\u00e4, ja parhaan mahdollisen ratkaisun l\u00f6yt\u00e4miseen kaikkiin mahdollisiin ristiriitatilanteisiin.<\/p><p>Asianajotoimistomme muiden erikoisalojen ansiosta meill\u00e4 on kattava yleiskuva kaikista ty\u00f6oikeuden alaan liittyvist\u00e4 teknisist\u00e4 ja oikeudellisista n\u00e4k\u00f6kohdista.<\/p>\t\t\t\t\t\t\t\t<\/div>\n\t\t\t\t<\/div>\n\t\t\t\t<\/div>\n\t\t<div class=\"elementor-element elementor-element-c41c9b6 e-con-full e-flex e-con e-child\" data-id=\"c41c9b6\" data-element_type=\"container\" data-settings=\"{&quot;background_background&quot;:&quot;classic&quot;}\">\n\t\t\t\t<\/div>\n\t\t\t\t<\/div>\n\t\t<div class=\"elementor-element elementor-element-8d7d0cf e-con-full e-flex e-con e-child\" data-id=\"8d7d0cf\" data-element_type=\"container\">\n\t\t<div class=\"elementor-element elementor-element-636ce64 e-con-full e-flex e-con e-child\" data-id=\"636ce64\" data-element_type=\"container\" data-settings=\"{&quot;background_background&quot;:&quot;classic&quot;}\">\n\t\t\t\t<\/div>\n\t\t<div class=\"elementor-element elementor-element-65901b0 e-con-full e-flex e-con e-child\" data-id=\"65901b0\" data-element_type=\"container\">\n\t\t\t\t<div class=\"elementor-element elementor-element-e0737a2 elementor-widget elementor-widget-heading\" data-id=\"e0737a2\" data-element_type=\"widget\" data-widget_type=\"heading.default\">\n\t\t\t\t<div class=\"elementor-widget-container\">\n\t\t\t\t\t<h2 class=\"elementor-heading-title elementor-size-default\">Veroneuvonta<\/h2>\t\t\t\t<\/div>\n\t\t\t\t<\/div>\n\t\t\t\t<div class=\"elementor-element elementor-element-a765105 elementor-widget elementor-widget-text-editor\" data-id=\"a765105\" data-element_type=\"widget\" data-widget_type=\"text-editor.default\">\n\t\t\t\t<div class=\"elementor-widget-container\">\n\t\t\t\t\t\t\t\t\t<div class=\"et_pb_section et_pb_section_1 et_section_regular et_section_transparent\"><div class=\" et_pb_row et_pb_row_2 et_pb_row_fullwidth\"><div class=\"et_pb_column et_pb_column_1_3 et_pb_column_5\"><div class=\"et_pb_blurb et_pb_module et_pb_bg_layout_light et_pb_text_align_justified et_pb_blurb_2 et_pb_blurb_position_top\"><div class=\"et_pb_blurb_content\"><div class=\"et_pb_blurb_container\"><div class=\"et_pb_blurb_description\"><p>Me <strong>Aran Lawyers Malagassa<\/strong> tarjoamme <strong>yrityksellesi veroneuvontapalvelua<\/strong>; verotuksen alalla saat vain enemm\u00e4n hy\u00f6ty\u00e4, koska voit keskitty\u00e4 muihin, yrityksesi kannalta strategisempiin aloihin.<\/p><p>T\u00e4m\u00e4n palvelun <strong>avulla t\u00e4yt\u00e4t verovelvollisuutesi ajallaan ja asianmukaisesti<\/strong> ja optimoit edell\u00e4 mainitut velvoitteet mahdollisimman hyvin. P\u00e4\u00e4set my\u00f6s nauttimaan s\u00e4\u00e4st\u00f6ist\u00e4, joita voit saada k\u00e4ytt\u00e4m\u00e4ll\u00e4 kaikkia yrityksen k\u00e4ytett\u00e4viss\u00e4 olevia mekanismeja (ty\u00f6llist\u00e4mispalkkiot, haittakorvaukset, T&amp;K-kehitys, valittavissa olevat lainat, leasing, vuokraus) verolaskun pienent\u00e4miseksi. <\/p><\/div><\/div><\/div><\/div><\/div><\/div><\/div>\t\t\t\t\t\t\t\t<\/div>\n\t\t\t\t<\/div>\n\t\t\t\t<\/div>\n\t\t\t\t<\/div>\n\t\t\t\t\t<\/div>\n\t\t\t\t<\/div>\n\t\t<div class=\"elementor-element elementor-element-a41d4d4 e-flex e-con-boxed e-con e-parent\" data-id=\"a41d4d4\" data-element_type=\"container\">\n\t\t\t\t\t<div class=\"e-con-inner\">\n\t\t<div class=\"elementor-element elementor-element-e4c3b90 e-con-full e-flex e-con e-child\" data-id=\"e4c3b90\" data-element_type=\"container\">\n\t\t<div class=\"elementor-element elementor-element-228ac0c e-con-full e-flex e-con e-child\" data-id=\"228ac0c\" data-element_type=\"container\">\n\t\t\t\t<div class=\"elementor-element elementor-element-1fab89b elementor-widget elementor-widget-heading\" data-id=\"1fab89b\" data-element_type=\"widget\" data-widget_type=\"heading.default\">\n\t\t\t\t<div class=\"elementor-widget-container\">\n\t\t\t\t\t<h2 class=\"elementor-heading-title elementor-size-default\">\/\/Contacto<\/h2>\t\t\t\t<\/div>\n\t\t\t\t<\/div>\n\t\t\t\t<div class=\"elementor-element elementor-element-93e9195 elementor-widget elementor-widget-heading\" data-id=\"93e9195\" data-element_type=\"widget\" data-widget_type=\"heading.default\">\n\t\t\t\t<div class=\"elementor-widget-container\">\n\t\t\t\t\t<h2 class=\"elementor-heading-title elementor-size-default\">Hanki ilmainen konsultaatio<\/h2>\t\t\t\t<\/div>\n\t\t\t\t<\/div>\n\t\t\t\t<div class=\"elementor-element elementor-element-4ff4eeee elementor-button-align-start elementor-widget elementor-widget-global elementor-global-1476 elementor-widget-form\" data-id=\"4ff4eeee\" data-element_type=\"widget\" data-settings=\"{&quot;step_previous_label&quot;:&quot;Anterior&quot;,&quot;button_width&quot;:&quot;100&quot;,&quot;step_type&quot;:&quot;number_text&quot;,&quot;step_icon_shape&quot;:&quot;circle&quot;}\" data-widget_type=\"form.default\">\n\t\t\t\t<div class=\"elementor-widget-container\">\n\t\t\t\t\t\t\t<form class=\"elementor-form\" method=\"post\" name=\"Nuevo formulario\">\n\t\t\t<input type=\"hidden\" name=\"post_id\" value=\"991\"\/>\n\t\t\t<input type=\"hidden\" name=\"form_id\" value=\"4ff4eeee\"\/>\n\t\t\t<input type=\"hidden\" name=\"referer_title\" value=\"\" \/>\n\n\t\t\t\n\t\t\t<div class=\"elementor-form-fields-wrapper elementor-labels-\">\n\t\t\t\t\t\t\t\t<div class=\"elementor-field-type-text elementor-field-group elementor-column elementor-field-group-name elementor-col-100 elementor-field-required\">\n\t\t\t\t\t\t\t\t\t\t\t\t<label for=\"form-field-name\" class=\"elementor-field-label elementor-screen-only\">\n\t\t\t\t\t\t\t\tNombre\t\t\t\t\t\t\t<\/label>\n\t\t\t\t\t\t\t\t\t\t\t\t\t\t<input size=\"1\" type=\"text\" name=\"form_fields[name]\" id=\"form-field-name\" class=\"elementor-field elementor-size-md  elementor-field-textual\" placeholder=\"Nimi *\" required=\"required\">\n\t\t\t\t\t\t\t\t\t\t\t<\/div>\n\t\t\t\t\t\t\t\t<div class=\"elementor-field-type-text\">\n\t\t\t\t\t<input size=\"1\" type=\"text\" name=\"form_fields[field_e5ae545]\" id=\"form-field-field_e5ae545\" class=\"elementor-field elementor-size-md \" style=\"display:none !important;\">\t\t\t\t<\/div>\n\t\t\t\t\t\t\t\t<div class=\"elementor-field-type-tel elementor-field-group elementor-column elementor-field-group-telefono elementor-col-100\">\n\t\t\t\t\t\t\t\t\t\t\t\t<label for=\"form-field-telefono\" class=\"elementor-field-label elementor-screen-only\">\n\t\t\t\t\t\t\t\tTel\u00e9fono\t\t\t\t\t\t\t<\/label>\n\t\t\t\t\t\t\t\t<input size=\"1\" type=\"tel\" name=\"form_fields[telefono]\" id=\"form-field-telefono\" class=\"elementor-field elementor-size-md  elementor-field-textual\" placeholder=\"Puhelin\" pattern=\"[0-9()#&amp;+*-=.]+\" title=\"Only numbers and phone characters (#, -, *, etc) are accepted.\">\n\n\t\t\t\t\t\t<\/div>\n\t\t\t\t\t\t\t\t<div class=\"elementor-field-type-email elementor-field-group elementor-column elementor-field-group-email elementor-col-100 elementor-field-required\">\n\t\t\t\t\t\t\t\t\t\t\t\t<label for=\"form-field-email\" class=\"elementor-field-label elementor-screen-only\">\n\t\t\t\t\t\t\t\tCorreo electr\u00f3nico\t\t\t\t\t\t\t<\/label>\n\t\t\t\t\t\t\t\t\t\t\t\t\t\t<input size=\"1\" type=\"email\" name=\"form_fields[email]\" id=\"form-field-email\" class=\"elementor-field elementor-size-md  elementor-field-textual\" placeholder=\"S\u00e4hk\u00f6postiosoite *\" required=\"required\">\n\t\t\t\t\t\t\t\t\t\t\t<\/div>\n\t\t\t\t\t\t\t\t<div class=\"elementor-field-type-textarea elementor-field-group elementor-column elementor-field-group-message elementor-col-100\">\n\t\t\t\t\t\t\t\t\t\t\t\t<label for=\"form-field-message\" class=\"elementor-field-label elementor-screen-only\">\n\t\t\t\t\t\t\t\tMensaje\t\t\t\t\t\t\t<\/label>\n\t\t\t\t\t\t<textarea class=\"elementor-field-textual elementor-field  elementor-size-md\" name=\"form_fields[message]\" id=\"form-field-message\" rows=\"4\" placeholder=\"Viesti *\"><\/textarea>\t\t\t\t<\/div>\n\t\t\t\t\t\t\t\t<div class=\"elementor-field-type-recaptcha elementor-field-group elementor-column elementor-field-group-field_2263f9f elementor-col-100\">\n\t\t\t\t\t<div class=\"elementor-field\" id=\"form-field-field_2263f9f\"><div class=\"elementor-g-recaptcha\" data-sitekey=\"6LfGOLsrAAAAANzHOXFhlMzdHjmybTQusFxLi8lD\" data-type=\"v2_checkbox\" data-theme=\"light\" data-size=\"normal\"><\/div><\/div>\t\t\t\t<\/div>\n\t\t\t\t\t\t\t\t<div class=\"elementor-field-type-checkbox elementor-field-group elementor-column elementor-field-group-field_02642c2 elementor-col-100\">\n\t\t\t\t\t\t\t\t\t\t\t\t<label for=\"form-field-field_02642c2\" class=\"elementor-field-label elementor-screen-only\">\n\t\t\t\t\t\t\t\tPrivacidad\t\t\t\t\t\t\t<\/label>\n\t\t\t\t\t\t<div class=\"elementor-field-subgroup  \"><span class=\"elementor-field-option\"><input type=\"checkbox\" value=\"Olen lukenut ja hyv\u00e4ksyn &lt;a href=&quot;https:\/\/abogadosmalaga-aran.com\/fi\/tietosuojakaytanto\/&quot;&gt;Abogados Ar\u00e1nin tietosuojak\u00e4yt\u00e4nn\u00f6n&lt;\/a&gt;.\" id=\"form-field-field_02642c2-0\" name=\"form_fields[field_02642c2]\"> <label for=\"form-field-field_02642c2-0\">Olen lukenut ja hyv\u00e4ksyn <a href=\"https:\/\/abogadosmalaga-aran.com\/fi\/tietosuojakaytanto\/\">Abogados Ar\u00e1nin tietosuojak\u00e4yt\u00e4nn\u00f6n<\/a>.<\/label><\/span><\/div>\t\t\t\t<\/div>\n\t\t\t\t\t\t\t\t<div class=\"elementor-field-type-html elementor-field-group elementor-column elementor-field-group-field_042ccdc elementor-col-100\">\n\t\t\t\t\t(*) Obligatoriska f\u00e4lt\t\t\t\t<\/div>\n\t\t\t\t\t\t\t\t<div class=\"elementor-field-group elementor-column elementor-field-type-submit elementor-col-100 e-form__buttons\">\n\t\t\t\t\t<button class=\"elementor-button elementor-size-sm\" type=\"submit\">\n\t\t\t\t\t\t<span class=\"elementor-button-content-wrapper\">\n\t\t\t\t\t\t\t\t\t\t\t\t\t\t\t\t\t\t\t\t\t\t<span class=\"elementor-button-text\">S\u00e4ndning<\/span>\n\t\t\t\t\t\t\t\t\t\t\t\t\t<\/span>\n\t\t\t\t\t<\/button>\n\t\t\t\t<\/div>\n\t\t\t<\/div>\n\t\t<\/form>\n\t\t\t\t\t\t<\/div>\n\t\t\t\t<\/div>\n\t\t\t\t<\/div>\n\t\t<div class=\"elementor-element elementor-element-321d248 e-con-full marco-bufete e-flex e-con e-child\" data-id=\"321d248\" data-element_type=\"container\" data-settings=\"{&quot;background_background&quot;:&quot;classic&quot;}\">\n\t\t\t\t<\/div>\n\t\t\t\t<\/div>\n\t\t\t\t\t<\/div>\n\t\t\t\t<\/div>\n\t\t\t\t<\/div>\n\t\t","protected":false},"excerpt":{"rendered":"<p>Tehosta liiketoimintaasi asiantuntijaneuvonnalla Malagassa Ensimm\u00e4inen kuuleminen ILMAINEN! OLEN KIINNOSTUNUT! \/\/Maksaa yrityksesi kasvaa erikoistuneen konsultoinnin avulla Malagassa Yrityskonsultointi Malaga Yrityksesi tarpeisiin r\u00e4\u00e4t\u00e4l\u00f6ity kirjanpito, verotus ja oikeudellinen tuki. Jos etsit Malagasta ty\u00f6voima-, kirjanpito- tai verokonsulttitoimistoa, joka on ammattitaitoinen yrityksesi kannalta ja joka on t\u00e4ysin sitoutunut asiakkaaseen, me olemme ratkaisu. Olemme Malagassa. Toimistossamme on lakimiehi\u00e4, jotka ovat yritysten [&hellip;]<\/p>\n","protected":false},"author":1,"featured_media":0,"parent":0,"menu_order":0,"comment_status":"closed","ping_status":"closed","template":"","meta":{"om_disable_all_campaigns":false,"_monsterinsights_skip_tracking":false,"_monsterinsights_sitenote_active":false,"_monsterinsights_sitenote_note":"","_monsterinsights_sitenote_category":0,"footnotes":""},"class_list":["post-991","page","type-page","status-publish","hentry"],"aioseo_notices":[],"_links":{"self":[{"href":"https:\/\/abogadosmalaga-aran.com\/fi\/wp-json\/wp\/v2\/pages\/991","targetHints":{"allow":["GET"]}}],"collection":[{"href":"https:\/\/abogadosmalaga-aran.com\/fi\/wp-json\/wp\/v2\/pages"}],"about":[{"href":"https:\/\/abogadosmalaga-aran.com\/fi\/wp-json\/wp\/v2\/types\/page"}],"author":[{"embeddable":true,"href":"https:\/\/abogadosmalaga-aran.com\/fi\/wp-json\/wp\/v2\/users\/1"}],"replies":[{"embeddable":true,"href":"https:\/\/abogadosmalaga-aran.com\/fi\/wp-json\/wp\/v2\/comments?post=991"}],"version-history":[{"count":4,"href":"https:\/\/abogadosmalaga-aran.com\/fi\/wp-json\/wp\/v2\/pages\/991\/revisions"}],"predecessor-version":[{"id":1518,"href":"https:\/\/abogadosmalaga-aran.com\/fi\/wp-json\/wp\/v2\/pages\/991\/revisions\/1518"}],"wp:attachment":[{"href":"https:\/\/abogadosmalaga-aran.com\/fi\/wp-json\/wp\/v2\/media?parent=991"}],"curies":[{"name":"wp","href":"https:\/\/api.w.org\/{rel}","templated":true}]}}