{"id":3,"date":"2025-05-16T10:42:25","date_gmt":"2025-05-16T08:42:25","guid":{"rendered":"https:\/\/abogadosmalaga-aran.com\/?page_id=3"},"modified":"2025-09-02T09:18:59","modified_gmt":"2025-09-02T07:18:59","slug":"politica-privacidad","status":"publish","type":"page","link":"https:\/\/abogadosmalaga-aran.com\/es\/politica-privacidad\/","title":{"rendered":"Pol\u00edtica de privacidad"},"content":{"rendered":"\t\t<div data-elementor-type=\"wp-page\" data-elementor-id=\"3\" class=\"elementor elementor-3\" data-elementor-post-type=\"page\">\n\t\t\t\t<div class=\"elementor-element elementor-element-3ca3b19 e-flex e-con-boxed e-con e-parent\" data-id=\"3ca3b19\" data-element_type=\"container\">\n\t\t\t\t\t<div class=\"e-con-inner\">\n\t\t\t\t<div class=\"elementor-element elementor-element-7daba82e elementor-widget elementor-widget-text-editor\" data-id=\"7daba82e\" data-element_type=\"widget\" data-widget_type=\"text-editor.default\">\n\t\t\t\t<div class=\"elementor-widget-container\">\n\t\t\t\t\t\t\t\t\t\n\nEn Mart\u00edn Mingorance Abogados nos comprometemos a proteger la privacidad de los datos personales recabados a trav\u00e9s del presente sitio web http:\/\/martinmingorance.es y a trav\u00e9s de las consultas realizadas por los usuarios v\u00eda correo electr\u00f3nico a info@martinmingorance.es. Sus datos personales ser\u00e1n tratados en todo momento de acuerdo con lo previsto en el Reglamento (UE) 2016\/679 del Parlamento Europeo y del Consejo, de 27 de abril de 2016, relativo a la protecci\u00f3n de las personas f\u00edsicas en lo que respecta al tratamiento de datos personales y a la libre circulaci\u00f3n de estos datos (RGPD), as\u00ed como en cumplimiento de la normativa nacional aplicable en materia de protecci\u00f3n de datos. El sitio web de Mart\u00edn Mingorance Abogados proporcionar\u00e1 a los usuarios los recursos t\u00e9cnicos adecuados para que, con car\u00e1cter previo al env\u00edo de sus datos personales, puedan acceder a esta Pol\u00edtica de Privacidad y a cualquier otra informaci\u00f3n relevante en materia de Protecci\u00f3n de Datos.\n<h2>1.- Responsable del tratamiento de Mart\u00edn Mingorance Abogados.<\/h2>\n.- Nombre y Apellidos: Francisco Jos\u00e9 Mart\u00edn L\u00f3pez\n\n.- NIF: 25712814X\n\n.- Domicilio: c\/Atarazanas, n\u00ba8, 4-1, CP 29005 (M\u00e1laga)\n\n.- Tel\u00e9fono: 952215040\n\n.- e-mail de contacto: info@martinmingorance.es\n<h2>2.- Finalidad del tratamiento y naturaleza de los datos tratados.<\/h2>\n.-Finalidad. La informaci\u00f3n recabada a trav\u00e9s del formulario de contacto del presente sitio web, as\u00ed como las consultas realizadas v\u00eda correo electr\u00f3nico dirigidas a la direcci\u00f3n info@martinmingorance.es, se tratan con la finalidad de atender a las solicitudes y gestionar los asuntos que en su caso solicite el Usuario a Mart\u00edn Mingorance Abogados.\n\n.-Naturaleza. Los datos recabados en este caso son de naturaleza identificativa y de contacto (nombre, apellidos y correo electr\u00f3nico), as\u00ed como datos relacionados con la consulta o petici\u00f3n planteada por el Usuario.\n<h2>3.- Exactitud y veracidad de los datos facilitados a Mart\u00edn Mingorance Abogados.<\/h2>\nToda la informaci\u00f3n que facilite el Usuario deber\u00e1 ser veraz y exacta. El Usuario ser\u00e1 el \u00fanico responsable de las manifestaciones falsas o inexactas que realice, y de los perjuicios que cause a Mart\u00edn Mingorance Abogados, o a terceros, por las informaciones que facilite. A estos efectos, el interesado garantiza la autenticidad de todos aquellos datos que aporte como consecuencia de la cumplimentaci\u00f3n del formulario correspondiente, o la informaci\u00f3n obtenida a trav\u00e9s de su consulta mediante correo electr\u00f3nico. El usuario se compromete a notificar cualquier cambio o modificaci\u00f3n de los datos personales que haya facilitado.\n<h2>4.- Destinatarios de la informaci\u00f3n y transferencia internacional de datos.<\/h2>\nEl tratamiento de la informaci\u00f3n recabada a trav\u00e9s del presente sitio web as\u00ed como v\u00eda correo electr\u00f3nico no implica transferencia internacional de datos ni comunicaciones de datos a terceros.\n<h2>5.- Base que legitima el tratamiento de datos.<\/h2>\nLa base que legitima el tratamiento de datos es el propio consentimiento del Usuario que se manifiesta mediante la marcaci\u00f3n de la casilla de aceptaci\u00f3n como paso previo al env\u00edo de cada formulario o el correo electr\u00f3nico que el Usuario dirija a Mart\u00edn Mingorance Abogados solicitando una consulta. El Usuario tiene derecho a retirar el consentimiento en cualquier momento, sin que ello afecte a la licitud del tratamiento basada en el consentimiento previo a su retirada.\n\nCon respecto a los datos personales acad\u00e9micos y profesionales recibidos de ofertas de empleo o candidaturas recabaremos la informaci\u00f3n por un m\u00e1ximo nunca superior a un a\u00f1o, salvo que el usuario nos comunique otra indicaci\u00f3n.\n<h2>6.- Conservaci\u00f3n de los datos.<\/h2>\nLa informaci\u00f3n recabada se conservar\u00e1 durante el plazo necesario para atender la petici\u00f3n de consulta o informaci\u00f3n que el Usuario haya solicitado. Mart\u00edn Mingorance almacenar\u00e1 sus datos el tiempo que sea necesario para llevar a cabo las labores encomendadas, estudio, asesoramiento y posterior resoluci\u00f3n derivados de su consulta. En caso de ser necesario, almacenaremos esta informaci\u00f3n seg\u00fan los plazos de conservaci\u00f3n en los t\u00e9rminos que correspondan a cada procedimiento.\n<h2>7.- Ejercicio de derechos.<\/h2>\nEl Usuario tiene derecho a acceder a sus datos personales, as\u00ed como a solicitar la rectificaci\u00f3n de los datos inexactos o, en su caso, solicitar su supresi\u00f3n cuando, entre otros motivos, los datos ya no sean necesarios para los fines que fueron recogidos. El Usuario podr\u00e1 solicitar la limitaci\u00f3n del tratamiento de sus datos, en cuyo caso Mart\u00edn Mingorance Abogados solo los conservar\u00e1 para el ejercicio o la defensa de reclamaciones, cuando corresponda legalmente. En determinadas circunstancias y por motivos relacionados con su situaci\u00f3n particular, el Usuario podr\u00e1 oponerse al tratamiento de sus datos. En este caso, Mart\u00edn Mingorance Abogados dejar\u00e1 de tratar los datos, salvo por motivos leg\u00edtimos, o el ejercicio o la defensa de posibles reclamaciones. Por \u00faltimo, le informamos sobre su derecho de portabilidad previsto en el RGPD con el fin de que sus datos puedan ser facilitados al Responsable del tratamiento que el Usuario nos indique.\n\nTodo estos derechos puede hacerlos efectivos mediante comunicaci\u00f3n escrita dirigida a Mart\u00edn Mingorance Abogados a la siguiente direcci\u00f3n: c\/ Atarazanas, n\u00ba8, 4-1, CP 29005, o remitiendo un email a info@martinmingorance.es con indicaci\u00f3n de la solicitud correspondiente y acompa\u00f1ado de copia del DNI o documento acreditativo de la identidad.\n\nEn los casos en los que considere que durante el tratamiento de datos por parte de Mart\u00edn Mingorance Abogados se han vulnerado los derechos en materia de protecci\u00f3n de datos del interesado, especialmente cuando no haya obtenido satisfacci\u00f3n en el ejercicio de sus derechos, el Usuario puede presentar una reclamaci\u00f3n ante la Autoridad de Control en materia de Protecci\u00f3n de Datos competente (Agencia Espa\u00f1ola de Protecci\u00f3n de Datos: www.agpd.es).\n<h2>8.- Uso de cookies.<\/h2>\nUna cookie es un fichero que se descarga en el ordenador del usuario al acceder a determinadas p\u00e1ginas web. Las cookies permiten a una p\u00e1gina web, entre otras cosas, almacenar y recuperar informaci\u00f3n sobre los h\u00e1bitos de navegaci\u00f3n de un usuario o de su equipo y, dependiendo de la informaci\u00f3n que contengan y de la forma en que utilice su equipo, podr\u00edan utilizarse para reconocer al usuario. El presente sitio web no utiliza cookies no necesarias para la navegaci\u00f3n, ni pretende identificar al usuario o sus h\u00e1bitos de navegaci\u00f3n, por lo que no se aplica la obligaci\u00f3n de recabar el consentimiento previo de los interesados para la instalaci\u00f3n de dichas cookies.\n<h2>9.- Seguridad de la informaci\u00f3n.<\/h2>\nMart\u00edn Mingorance Abogados utiliza tecnolog\u00edas adecuadas al estado de la t\u00e9cnica actual, para proteger sus datos e informaciones personales, as\u00ed nuestra p\u00e1gina web se almacena en servidores seguros protegidos contra los tipos de ataques m\u00e1s habituales. No obstante, le recordamos que no existe la tecnolog\u00eda invulnerable y que por tanto debe poner los medios que est\u00e9n a su alcance para mantener el nivel de seguridad de sus datos. Mart\u00edn Mingorance Abogados ha adoptado las medidas de \u00edndole t\u00e9cnica y organizativa que garantizan la seguridad de los datos de car\u00e1cter personal y evitan su alteraci\u00f3n, p\u00e9rdida, tratamiento o acceso no autorizado, habida cuenta del estado de la tecnolog\u00eda, la naturaleza de los datos almacenados y los riesgos a que est\u00e9n expuestos.\n<h2>10.- Modificaciones en la pol\u00edtica de privacidad.<\/h2>\nMart\u00edn Mingorance Abogados se reserva el derecho a modificar la presente Pol\u00edtica de Privacidad para adaptarla a novedades legislativas o jurisprudenciales, as\u00ed como a pr\u00e1cticas de la industria. Por ello, le recomendamos que revise peri\u00f3dicamente esta Pol\u00edtica de Privacidad para estar informado de c\u00f3mo se tratan y protegen los datos personales que nos facilita. En dichos supuestos, Mart\u00edn Mingorance Abogados anunciar\u00e1 en www.martinmingorance.es los cambios introducidos con razonable antelaci\u00f3n a su puesta en pr\u00e1ctica.\n\n\t\t\t\t\t\t\t\t<\/div>\n\t\t\t\t<\/div>\n\t\t\t\t\t<\/div>\n\t\t\t\t<\/div>\n\t\t\t\t<\/div>\n\t\t","protected":false},"excerpt":{"rendered":"<p>En Mart\u00edn Mingorance Abogados nos comprometemos a proteger la privacidad de los datos personales recabados a trav\u00e9s del presente sitio web http:\/\/martinmingorance.es y a trav\u00e9s de las consultas realizadas por los usuarios v\u00eda correo electr\u00f3nico a info@martinmingorance.es. Sus datos personales ser\u00e1n tratados en todo momento de acuerdo con lo previsto en el Reglamento (UE) 2016\/679 [&hellip;]<\/p>\n","protected":false},"author":1,"featured_media":0,"parent":0,"menu_order":0,"comment_status":"closed","ping_status":"closed","template":"","meta":{"om_disable_all_campaigns":false,"_monsterinsights_skip_tracking":false,"_monsterinsights_sitenote_active":false,"_monsterinsights_sitenote_note":"","_monsterinsights_sitenote_category":0,"footnotes":""},"class_list":["post-3","page","type-page","status-publish","hentry"],"aioseo_notices":[],"_links":{"self":[{"href":"https:\/\/abogadosmalaga-aran.com\/es\/wp-json\/wp\/v2\/pages\/3","targetHints":{"allow":["GET"]}}],"collection":[{"href":"https:\/\/abogadosmalaga-aran.com\/es\/wp-json\/wp\/v2\/pages"}],"about":[{"href":"https:\/\/abogadosmalaga-aran.com\/es\/wp-json\/wp\/v2\/types\/page"}],"author":[{"embeddable":true,"href":"https:\/\/abogadosmalaga-aran.com\/es\/wp-json\/wp\/v2\/users\/1"}],"replies":[{"embeddable":true,"href":"https:\/\/abogadosmalaga-aran.com\/es\/wp-json\/wp\/v2\/comments?post=3"}],"version-history":[{"count":4,"href":"https:\/\/abogadosmalaga-aran.com\/es\/wp-json\/wp\/v2\/pages\/3\/revisions"}],"predecessor-version":[{"id":1328,"href":"https:\/\/abogadosmalaga-aran.com\/es\/wp-json\/wp\/v2\/pages\/3\/revisions\/1328"}],"wp:attachment":[{"href":"https:\/\/abogadosmalaga-aran.com\/es\/wp-json\/wp\/v2\/media?parent=3"}],"curies":[{"name":"wp","href":"https:\/\/api.w.org\/{rel}","templated":true}]}}