{"id":132,"date":"2025-05-19T11:24:16","date_gmt":"2025-05-19T09:24:16","guid":{"rendered":"https:\/\/abogadosmalaga-aran.com\/?page_id=132"},"modified":"2025-09-16T10:06:10","modified_gmt":"2025-09-16T08:06:10","slug":"asesoria-empresas-malaga","status":"publish","type":"page","link":"https:\/\/abogadosmalaga-aran.com\/es\/asesoria-empresas-malaga\/","title":{"rendered":"Asesor\u00eda de empresas"},"content":{"rendered":"\t\t<div data-elementor-type=\"wp-page\" data-elementor-id=\"132\" class=\"elementor elementor-132\" data-elementor-post-type=\"page\">\n\t\t\t\t<div class=\"elementor-element elementor-element-824d1fe e-flex e-con-boxed e-con e-parent\" data-id=\"824d1fe\" data-element_type=\"container\" data-settings=\"{&quot;background_background&quot;:&quot;classic&quot;}\">\n\t\t\t\t\t<div class=\"e-con-inner\">\n\t\t\t\t<div class=\"elementor-element elementor-element-880dcea elementor-widget__width-initial elementor-widget elementor-widget-heading\" data-id=\"880dcea\" data-element_type=\"widget\" data-widget_type=\"heading.default\">\n\t\t\t\t<div class=\"elementor-widget-container\">\n\t\t\t\t\t<h1 class=\"elementor-heading-title elementor-size-default\">Impulsa tu empresa con asesoramiento experto en M\u00e1laga<\/h1>\t\t\t\t<\/div>\n\t\t\t\t<\/div>\n\t\t\t\t<div class=\"elementor-element elementor-element-14b910b elementor-widget elementor-widget-text-editor\" data-id=\"14b910b\" data-element_type=\"widget\" data-widget_type=\"text-editor.default\">\n\t\t\t\t<div class=\"elementor-widget-container\">\n\t\t\t\t\t\t\t\t\t<p>\u00a1Primera consulta <b>GRATUITA<\/b>!<\/p>\t\t\t\t\t\t\t\t<\/div>\n\t\t\t\t<\/div>\n\t\t\t\t<div class=\"elementor-element elementor-element-798eefc elementor-widget__width-initial boton-marco elementor-widget elementor-widget-button\" data-id=\"798eefc\" data-element_type=\"widget\" data-widget_type=\"button.default\">\n\t\t\t\t<div class=\"elementor-widget-container\">\n\t\t\t\t\t\t\t\t\t<div class=\"elementor-button-wrapper\">\n\t\t\t\t\t<a class=\"elementor-button elementor-button-link elementor-size-sm\" href=\"#\">\n\t\t\t\t\t\t<span class=\"elementor-button-content-wrapper\">\n\t\t\t\t\t\t\t\t\t<span class=\"elementor-button-text\">\u00a1ME INTERESA!<\/span>\n\t\t\t\t\t<\/span>\n\t\t\t\t\t<\/a>\n\t\t\t\t<\/div>\n\t\t\t\t\t\t\t\t<\/div>\n\t\t\t\t<\/div>\n\t\t\t\t\t<\/div>\n\t\t\t\t<\/div>\n\t\t<div class=\"elementor-element elementor-element-995b4b7 e-flex e-con-boxed e-con e-parent\" data-id=\"995b4b7\" data-element_type=\"container\">\n\t\t\t\t\t<div class=\"e-con-inner\">\n\t\t\t\t<div class=\"elementor-element elementor-element-18b8c55 elementor-widget elementor-widget-heading\" data-id=\"18b8c55\" data-element_type=\"widget\" data-widget_type=\"heading.default\">\n\t\t\t\t<div class=\"elementor-widget-container\">\n\t\t\t\t\t<h2 class=\"elementor-heading-title elementor-size-default\">\/\/Haz crecer tu empresa con asesor\u00eda especializada en M\u00e1laga<\/h2>\t\t\t\t<\/div>\n\t\t\t\t<\/div>\n\t\t\t\t<div class=\"elementor-element elementor-element-1e769d3 elementor-widget elementor-widget-heading\" data-id=\"1e769d3\" data-element_type=\"widget\" data-widget_type=\"heading.default\">\n\t\t\t\t<div class=\"elementor-widget-container\">\n\t\t\t\t\t<h2 class=\"elementor-heading-title elementor-size-default\">Asesor\u00eda de empresas M\u00e1laga<\/h2>\t\t\t\t<\/div>\n\t\t\t\t<\/div>\n\t\t<div class=\"elementor-element elementor-element-b61eeb6 e-con-full e-flex e-con e-child\" data-id=\"b61eeb6\" data-element_type=\"container\">\n\t\t<div class=\"elementor-element elementor-element-1d2c0d6 e-con-full e-flex e-con e-child\" data-id=\"1d2c0d6\" data-element_type=\"container\">\n\t\t\t\t<div class=\"elementor-element elementor-element-b07e483 elementor-widget elementor-widget-heading\" data-id=\"b07e483\" data-element_type=\"widget\" data-widget_type=\"heading.default\">\n\t\t\t\t<div class=\"elementor-widget-container\">\n\t\t\t\t\t<h2 class=\"elementor-heading-title elementor-size-default\">Contabilidad, fiscalidad y apoyo legal adaptado a las necesidades de tu negocio<\/h2>\t\t\t\t<\/div>\n\t\t\t\t<\/div>\n\t\t\t\t<div class=\"elementor-element elementor-element-a559381 elementor-widget__width-initial elementor-widget elementor-widget-text-editor\" data-id=\"a559381\" data-element_type=\"widget\" data-widget_type=\"text-editor.default\">\n\t\t\t\t<div class=\"elementor-widget-container\">\n\t\t\t\t\t\t\t\t\t<p>Si est\u00e1 buscando una\u00a0<strong>asesor\u00eda laboral, contable o fiscal en M\u00e1laga,<\/strong> que sea profesional para su empresa y totalmente implicada con el cliente nosotros somos la soluci\u00f3n. Estamos en M\u00e1laga. Nuestro despacho cuenta con abogados expertos en asesoramiento de empresas.<\/p><p><strong>Aran Abogados<\/strong>\u00a0pondr\u00e1 a su servicio asesores especializados asegurando un trato personalizado y transparente en todo momento. La asesor\u00eda de empresas en M\u00e1laga de Aran Abogados esta en contin\u00faa actualizaci\u00f3n en lo referente a las normas y herramientas vigentes en el \u00e1mbito contable, laboral y fiscal, normas y herramientas que estar\u00e1n siempre a disposici\u00f3n de nuestros clientes.<\/p>\t\t\t\t\t\t\t\t<\/div>\n\t\t\t\t<\/div>\n\t\t\t\t<\/div>\n\t\t<div class=\"elementor-element elementor-element-ca00161 e-con-full marco-bufete e-flex e-con e-child\" data-id=\"ca00161\" data-element_type=\"container\" data-settings=\"{&quot;background_background&quot;:&quot;classic&quot;}\">\n\t\t<div class=\"elementor-element elementor-element-6afcd78 e-con-full e-flex elementor-invisible e-con e-child\" data-id=\"6afcd78\" data-element_type=\"container\" data-settings=\"{&quot;animation&quot;:&quot;fadeInUp&quot;}\">\n\t\t\t\t<div class=\"elementor-element elementor-element-5a9a6df elementor-widget__width-initial elementor-widget elementor-widget-text-editor\" data-id=\"5a9a6df\" data-element_type=\"widget\" data-widget_type=\"text-editor.default\">\n\t\t\t\t<div class=\"elementor-widget-container\">\n\t\t\t\t\t\t\t\t\t<div style=\"\n  background-color: #1e3764;\n  color: white;\n  line-height: 1.2;>\n  <span style=\"\n    display: block;\">+30 a\u00f1os<\/span>\n  \n  <span style=\"\n    font-size: 18px;\n    display: block;\n  \">de experiencia<\/span>\n<\/div>\t\t\t\t\t\t\t\t<\/div>\n\t\t\t\t<\/div>\n\t\t\t\t<\/div>\n\t\t<div class=\"elementor-element elementor-element-fb4d799 e-con-full e-flex e-con e-child\" data-id=\"fb4d799\" data-element_type=\"container\" data-settings=\"{&quot;background_background&quot;:&quot;classic&quot;}\">\n\t\t\t\t<\/div>\n\t\t\t\t<\/div>\n\t\t\t\t<\/div>\n\t\t\t\t\t<\/div>\n\t\t\t\t<\/div>\n\t\t<div class=\"elementor-element elementor-element-bb97811 e-flex e-con-boxed e-con e-parent\" data-id=\"bb97811\" data-element_type=\"container\" data-settings=\"{&quot;background_background&quot;:&quot;classic&quot;,&quot;shape_divider_bottom&quot;:&quot;triangle&quot;,&quot;shape_divider_bottom_negative&quot;:&quot;yes&quot;}\">\n\t\t\t\t\t<div class=\"e-con-inner\">\n\t\t\t\t<div class=\"elementor-shape elementor-shape-bottom\" aria-hidden=\"true\" data-negative=\"true\">\n\t\t\t<svg xmlns=\"http:\/\/www.w3.org\/2000\/svg\" viewBox=\"0 0 1000 100\" preserveAspectRatio=\"none\">\n\t<path class=\"elementor-shape-fill\" d=\"M500.2,94.7L0,0v100h1000V0L500.2,94.7z\"\/>\n<\/svg>\t\t<\/div>\n\t\t<div class=\"elementor-element elementor-element-5f2fa05 e-con-full e-flex e-con e-child\" data-id=\"5f2fa05\" data-element_type=\"container\">\n\t\t\t\t<div class=\"elementor-element elementor-element-5e60a97 elementor-widget elementor-widget-heading\" data-id=\"5e60a97\" data-element_type=\"widget\" data-widget_type=\"heading.default\">\n\t\t\t\t<div class=\"elementor-widget-container\">\n\t\t\t\t\t<h2 class=\"elementor-heading-title elementor-size-default\">\/\/Nuestros servicios<\/h2>\t\t\t\t<\/div>\n\t\t\t\t<\/div>\n\t\t\t\t<div class=\"elementor-element elementor-element-50eed2a elementor-widget elementor-widget-heading\" data-id=\"50eed2a\" data-element_type=\"widget\" data-widget_type=\"heading.default\">\n\t\t\t\t<div class=\"elementor-widget-container\">\n\t\t\t\t\t<h2 class=\"elementor-heading-title elementor-size-default\">Abogado en M\u00e1laga<\/h2>\t\t\t\t<\/div>\n\t\t\t\t<\/div>\n\t\t\t\t<\/div>\n\t\t<div class=\"elementor-element elementor-element-7de026e e-con-full e-flex e-con e-child\" data-id=\"7de026e\" data-element_type=\"container\">\n\t\t<div class=\"elementor-element elementor-element-32cdd03 e-con-full e-flex e-con e-child\" data-id=\"32cdd03\" data-element_type=\"container\" data-settings=\"{&quot;background_background&quot;:&quot;classic&quot;}\">\n\t\t\t\t<\/div>\n\t\t<div class=\"elementor-element elementor-element-675dcb4 e-con-full e-flex e-con e-child\" data-id=\"675dcb4\" data-element_type=\"container\">\n\t\t\t\t<div class=\"elementor-element elementor-element-a5d1a8b elementor-widget elementor-widget-heading\" data-id=\"a5d1a8b\" data-element_type=\"widget\" data-widget_type=\"heading.default\">\n\t\t\t\t<div class=\"elementor-widget-container\">\n\t\t\t\t\t<h2 class=\"elementor-heading-title elementor-size-default\">Asesoramiento contable M\u00e1laga<\/h2>\t\t\t\t<\/div>\n\t\t\t\t<\/div>\n\t\t\t\t<div class=\"elementor-element elementor-element-afea0d8 elementor-widget elementor-widget-text-editor\" data-id=\"afea0d8\" data-element_type=\"widget\" data-widget_type=\"text-editor.default\">\n\t\t\t\t<div class=\"elementor-widget-container\">\n\t\t\t\t\t\t\t\t\t<p>Nuestro\u00a0<strong>asesoramiento contable a empresas en M\u00e1laga<\/strong>\u00a0es totalmente personalizado ya que las obligaciones depender\u00e1n de cada sector empresarial. Los\u00a0<strong>asesores contables<\/strong>\u00a0en Aran Abogados saben la importancia de una contabilidad fiable y transparente, estos datos pueden aportar valor a la hora de tomar alguna decisi\u00f3n financiera.<br \/>Gestionaremos su contabilidad siguiendo el plan general contable, libro de cuentas anuales y trimestrales y tambi\u00e9n:<\/p>\t\t\t\t\t\t\t\t<\/div>\n\t\t\t\t<\/div>\n\t\t\t\t<div class=\"elementor-element elementor-element-6106dd2 elementor-icon-list--layout-traditional elementor-list-item-link-full_width elementor-widget elementor-widget-icon-list\" data-id=\"6106dd2\" data-element_type=\"widget\" data-widget_type=\"icon-list.default\">\n\t\t\t\t<div class=\"elementor-widget-container\">\n\t\t\t\t\t\t\t<ul class=\"elementor-icon-list-items\">\n\t\t\t\t\t\t\t<li class=\"elementor-icon-list-item\">\n\t\t\t\t\t\t\t\t\t\t\t<span class=\"elementor-icon-list-icon\">\n\t\t\t\t\t\t\t<svg aria-hidden=\"true\" class=\"e-font-icon-svg e-fas-check\" viewBox=\"0 0 512 512\" xmlns=\"http:\/\/www.w3.org\/2000\/svg\"><path d=\"M173.898 439.404l-166.4-166.4c-9.997-9.997-9.997-26.206 0-36.204l36.203-36.204c9.997-9.998 26.207-9.998 36.204 0L192 312.69 432.095 72.596c9.997-9.997 26.207-9.997 36.204 0l36.203 36.204c9.997 9.997 9.997 26.206 0 36.204l-294.4 294.401c-9.998 9.997-26.207 9.997-36.204-.001z\"><\/path><\/svg>\t\t\t\t\t\t<\/span>\n\t\t\t\t\t\t\t\t\t\t<span class=\"elementor-icon-list-text\">Cierres de ejercicios fiscales<\/span>\n\t\t\t\t\t\t\t\t\t<\/li>\n\t\t\t\t\t\t\t\t<li class=\"elementor-icon-list-item\">\n\t\t\t\t\t\t\t\t\t\t\t<span class=\"elementor-icon-list-icon\">\n\t\t\t\t\t\t\t<svg aria-hidden=\"true\" class=\"e-font-icon-svg e-fas-check\" viewBox=\"0 0 512 512\" xmlns=\"http:\/\/www.w3.org\/2000\/svg\"><path d=\"M173.898 439.404l-166.4-166.4c-9.997-9.997-9.997-26.206 0-36.204l36.203-36.204c9.997-9.998 26.207-9.998 36.204 0L192 312.69 432.095 72.596c9.997-9.997 26.207-9.997 36.204 0l36.203 36.204c9.997 9.997 9.997 26.206 0 36.204l-294.4 294.401c-9.998 9.997-26.207 9.997-36.204-.001z\"><\/path><\/svg>\t\t\t\t\t\t<\/span>\n\t\t\t\t\t\t\t\t\t\t<span class=\"elementor-icon-list-text\">Registros contables y presentaci\u00f3n de libros legales<\/span>\n\t\t\t\t\t\t\t\t\t<\/li>\n\t\t\t\t\t\t\t\t<li class=\"elementor-icon-list-item\">\n\t\t\t\t\t\t\t\t\t\t\t<span class=\"elementor-icon-list-icon\">\n\t\t\t\t\t\t\t<svg aria-hidden=\"true\" class=\"e-font-icon-svg e-fas-check\" viewBox=\"0 0 512 512\" xmlns=\"http:\/\/www.w3.org\/2000\/svg\"><path d=\"M173.898 439.404l-166.4-166.4c-9.997-9.997-9.997-26.206 0-36.204l36.203-36.204c9.997-9.998 26.207-9.998 36.204 0L192 312.69 432.095 72.596c9.997-9.997 26.207-9.997 36.204 0l36.203 36.204c9.997 9.997 9.997 26.206 0 36.204l-294.4 294.401c-9.998 9.997-26.207 9.997-36.204-.001z\"><\/path><\/svg>\t\t\t\t\t\t<\/span>\n\t\t\t\t\t\t\t\t\t\t<span class=\"elementor-icon-list-text\">Confecci\u00f3n y certificaci\u00f3n de estados financieros<\/span>\n\t\t\t\t\t\t\t\t\t<\/li>\n\t\t\t\t\t\t<\/ul>\n\t\t\t\t\t\t<\/div>\n\t\t\t\t<\/div>\n\t\t\t\t<\/div>\n\t\t\t\t<\/div>\n\t\t<div class=\"elementor-element elementor-element-c2ac220 e-con-full e-flex e-con e-child\" data-id=\"c2ac220\" data-element_type=\"container\">\n\t\t<div class=\"elementor-element elementor-element-49d8369 e-con-full e-flex e-con e-child\" data-id=\"49d8369\" data-element_type=\"container\">\n\t\t\t\t<div class=\"elementor-element elementor-element-e74020d elementor-widget elementor-widget-heading\" data-id=\"e74020d\" data-element_type=\"widget\" data-widget_type=\"heading.default\">\n\t\t\t\t<div class=\"elementor-widget-container\">\n\t\t\t\t\t<h2 class=\"elementor-heading-title elementor-size-default\">Asesoramiento Laboral M\u00e1laga<\/h2>\t\t\t\t<\/div>\n\t\t\t\t<\/div>\n\t\t\t\t<div class=\"elementor-element elementor-element-5dd24de elementor-widget elementor-widget-text-editor\" data-id=\"5dd24de\" data-element_type=\"widget\" data-widget_type=\"text-editor.default\">\n\t\t\t\t<div class=\"elementor-widget-container\">\n\t\t\t\t\t\t\t\t\t<p>Nuestro\u00a0<strong>asesoramiento laboral a empresas<\/strong>\u00a0esta fundamentalmente enfocado en solucionar cualquier problema que tengan nuestros clientes, ya sean empresario o trabajadores, asegurando la mejor soluci\u00f3n en cualquier de los posibles conflictos que se presenten.<\/p><p>Gracias a las otras especialidades de nuestro despacho de abogados tenemos una visi\u00f3n global de todos los aspectos t\u00e9cnicos y legales relacionados con el \u00e1mbito laboral.<\/p>\t\t\t\t\t\t\t\t<\/div>\n\t\t\t\t<\/div>\n\t\t\t\t<\/div>\n\t\t<div class=\"elementor-element elementor-element-c41c9b6 e-con-full e-flex e-con e-child\" data-id=\"c41c9b6\" data-element_type=\"container\" data-settings=\"{&quot;background_background&quot;:&quot;classic&quot;}\">\n\t\t\t\t<\/div>\n\t\t\t\t<\/div>\n\t\t<div class=\"elementor-element elementor-element-8d7d0cf e-con-full e-flex e-con e-child\" data-id=\"8d7d0cf\" data-element_type=\"container\">\n\t\t<div class=\"elementor-element elementor-element-636ce64 e-con-full e-flex e-con e-child\" data-id=\"636ce64\" data-element_type=\"container\" data-settings=\"{&quot;background_background&quot;:&quot;classic&quot;}\">\n\t\t\t\t<\/div>\n\t\t<div class=\"elementor-element elementor-element-65901b0 e-con-full e-flex e-con e-child\" data-id=\"65901b0\" data-element_type=\"container\">\n\t\t\t\t<div class=\"elementor-element elementor-element-e0737a2 elementor-widget elementor-widget-heading\" data-id=\"e0737a2\" data-element_type=\"widget\" data-widget_type=\"heading.default\">\n\t\t\t\t<div class=\"elementor-widget-container\">\n\t\t\t\t\t<h2 class=\"elementor-heading-title elementor-size-default\">Asesoramiento Fiscal<\/h2>\t\t\t\t<\/div>\n\t\t\t\t<\/div>\n\t\t\t\t<div class=\"elementor-element elementor-element-a765105 elementor-widget elementor-widget-text-editor\" data-id=\"a765105\" data-element_type=\"widget\" data-widget_type=\"text-editor.default\">\n\t\t\t\t<div class=\"elementor-widget-container\">\n\t\t\t\t\t\t\t\t\t<div class=\"et_pb_section  et_pb_section_1 et_section_regular et_section_transparent\"><div class=\" et_pb_row et_pb_row_2 et_pb_row_fullwidth\"><div class=\"et_pb_column et_pb_column_1_3  et_pb_column_5\"><div class=\"et_pb_blurb et_pb_module et_pb_bg_layout_light et_pb_text_align_justified  et_pb_blurb_2 et_pb_blurb_position_top\"><div class=\"et_pb_blurb_content\"><div class=\"et_pb_blurb_container\"><div class=\"et_pb_blurb_description\"><p>En\u00a0<strong>Aran Abogados M\u00e1laga<\/strong>, les ofrecemos un servicio de\u00a0<strong>asesoramiento Fiscal de su empresa<\/strong>; el\u00a0\u00e1rea fiscal solo le proporcionar\u00e1 mayores beneficios ya que Usted podr\u00e1 concentrar todo su esfuerzo en otras \u00e1reas m\u00e1s estrat\u00e9gicas para su empresa.<\/p><p>Con este servicio\u00a0<strong>cumplir\u00e1 con sus obligaciones tributarias en tiempo y forma<\/strong>, optimizando todo lo posible las citadas obligaciones. Tambi\u00e9n disfrutar\u00e1 del ahorro que se puede obtener mediante el uso de todos los mecanismos al alcance de la empresa (bonificaciones por empleo, minusval\u00edas, Desarrollo de I+D, pr\u00e9stamos a elegir, leasing, renting) para rebajar de esta forma su factura fiscal.<\/p><\/div><\/div><\/div><\/div><\/div><\/div><\/div>\t\t\t\t\t\t\t\t<\/div>\n\t\t\t\t<\/div>\n\t\t\t\t<\/div>\n\t\t\t\t<\/div>\n\t\t\t\t\t<\/div>\n\t\t\t\t<\/div>\n\t\t<div class=\"elementor-element elementor-element-a41d4d4 e-flex e-con-boxed e-con e-parent\" data-id=\"a41d4d4\" data-element_type=\"container\">\n\t\t\t\t\t<div class=\"e-con-inner\">\n\t\t<div class=\"elementor-element elementor-element-e4c3b90 e-con-full e-flex e-con e-child\" data-id=\"e4c3b90\" data-element_type=\"container\">\n\t\t<div class=\"elementor-element elementor-element-228ac0c e-con-full e-flex e-con e-child\" data-id=\"228ac0c\" data-element_type=\"container\">\n\t\t\t\t<div class=\"elementor-element elementor-element-1fab89b elementor-widget elementor-widget-heading\" data-id=\"1fab89b\" data-element_type=\"widget\" data-widget_type=\"heading.default\">\n\t\t\t\t<div class=\"elementor-widget-container\">\n\t\t\t\t\t<h2 class=\"elementor-heading-title elementor-size-default\">\/\/Contacto<\/h2>\t\t\t\t<\/div>\n\t\t\t\t<\/div>\n\t\t\t\t<div class=\"elementor-element elementor-element-93e9195 elementor-widget elementor-widget-heading\" data-id=\"93e9195\" data-element_type=\"widget\" data-widget_type=\"heading.default\">\n\t\t\t\t<div class=\"elementor-widget-container\">\n\t\t\t\t\t<h2 class=\"elementor-heading-title elementor-size-default\">Consigue una consulta gratuita<\/h2>\t\t\t\t<\/div>\n\t\t\t\t<\/div>\n\t\t\t\t<div class=\"elementor-element elementor-element-9fffadf elementor-button-align-start elementor-widget elementor-widget-global elementor-global-1377 elementor-widget-form\" data-id=\"9fffadf\" data-element_type=\"widget\" data-settings=\"{&quot;step_previous_label&quot;:&quot;Anterior&quot;,&quot;button_width&quot;:&quot;100&quot;,&quot;step_type&quot;:&quot;number_text&quot;,&quot;step_icon_shape&quot;:&quot;circle&quot;}\" data-widget_type=\"form.default\">\n\t\t\t\t<div class=\"elementor-widget-container\">\n\t\t\t\t\t\t\t<form class=\"elementor-form\" method=\"post\" name=\"Nuevo formulario\">\n\t\t\t<input type=\"hidden\" name=\"post_id\" value=\"132\"\/>\n\t\t\t<input type=\"hidden\" name=\"form_id\" value=\"9fffadf\"\/>\n\t\t\t<input type=\"hidden\" name=\"referer_title\" value=\"\" \/>\n\n\t\t\t\n\t\t\t<div class=\"elementor-form-fields-wrapper elementor-labels-\">\n\t\t\t\t\t\t\t\t<div class=\"elementor-field-type-text elementor-field-group elementor-column elementor-field-group-name elementor-col-100 elementor-field-required\">\n\t\t\t\t\t\t\t\t\t\t\t\t<label for=\"form-field-name\" class=\"elementor-field-label elementor-screen-only\">\n\t\t\t\t\t\t\t\tNombre\t\t\t\t\t\t\t<\/label>\n\t\t\t\t\t\t\t\t\t\t\t\t\t\t<input size=\"1\" type=\"text\" name=\"form_fields[name]\" id=\"form-field-name\" class=\"elementor-field elementor-size-md  elementor-field-textual\" placeholder=\"Nombre *\" required=\"required\">\n\t\t\t\t\t\t\t\t\t\t\t<\/div>\n\t\t\t\t\t\t\t\t<div class=\"elementor-field-type-text\">\n\t\t\t\t\t<input size=\"1\" type=\"text\" name=\"form_fields[field_e5ae545]\" id=\"form-field-field_e5ae545\" class=\"elementor-field elementor-size-md \" style=\"display:none !important;\">\t\t\t\t<\/div>\n\t\t\t\t\t\t\t\t<div class=\"elementor-field-type-tel elementor-field-group elementor-column elementor-field-group-telefono elementor-col-100\">\n\t\t\t\t\t\t\t\t\t\t\t\t<label for=\"form-field-telefono\" class=\"elementor-field-label elementor-screen-only\">\n\t\t\t\t\t\t\t\tTel\u00e9fono\t\t\t\t\t\t\t<\/label>\n\t\t\t\t\t\t\t\t<input size=\"1\" type=\"tel\" name=\"form_fields[telefono]\" id=\"form-field-telefono\" class=\"elementor-field elementor-size-md  elementor-field-textual\" placeholder=\"Tel\u00e9fono\" pattern=\"[0-9()#&amp;+*-=.]+\" title=\"Solo se aceptan n\u00fameros y caracteres de tel\u00e9fono (#,-,*,etc).\">\n\n\t\t\t\t\t\t<\/div>\n\t\t\t\t\t\t\t\t<div class=\"elementor-field-type-email elementor-field-group elementor-column elementor-field-group-email elementor-col-100 elementor-field-required\">\n\t\t\t\t\t\t\t\t\t\t\t\t<label for=\"form-field-email\" class=\"elementor-field-label elementor-screen-only\">\n\t\t\t\t\t\t\t\tCorreo electr\u00f3nico\t\t\t\t\t\t\t<\/label>\n\t\t\t\t\t\t\t\t\t\t\t\t\t\t<input size=\"1\" type=\"email\" name=\"form_fields[email]\" id=\"form-field-email\" class=\"elementor-field elementor-size-md  elementor-field-textual\" placeholder=\"Correo electr\u00f3nico *\" required=\"required\">\n\t\t\t\t\t\t\t\t\t\t\t<\/div>\n\t\t\t\t\t\t\t\t<div class=\"elementor-field-type-textarea elementor-field-group elementor-column elementor-field-group-message elementor-col-100\">\n\t\t\t\t\t\t\t\t\t\t\t\t<label for=\"form-field-message\" class=\"elementor-field-label elementor-screen-only\">\n\t\t\t\t\t\t\t\tMensaje\t\t\t\t\t\t\t<\/label>\n\t\t\t\t\t\t<textarea class=\"elementor-field-textual elementor-field  elementor-size-md\" name=\"form_fields[message]\" id=\"form-field-message\" rows=\"4\" placeholder=\"Mensaje *\"><\/textarea>\t\t\t\t<\/div>\n\t\t\t\t\t\t\t\t<div class=\"elementor-field-type-recaptcha elementor-field-group elementor-column elementor-field-group-field_2263f9f elementor-col-100\">\n\t\t\t\t\t<div class=\"elementor-field\" id=\"form-field-field_2263f9f\"><div class=\"elementor-g-recaptcha\" data-sitekey=\"6LfGOLsrAAAAANzHOXFhlMzdHjmybTQusFxLi8lD\" data-type=\"v2_checkbox\" data-theme=\"light\" data-size=\"normal\"><\/div><\/div>\t\t\t\t<\/div>\n\t\t\t\t\t\t\t\t<div class=\"elementor-field-type-checkbox elementor-field-group elementor-column elementor-field-group-field_02642c2 elementor-col-100\">\n\t\t\t\t\t\t\t\t\t\t\t\t<label for=\"form-field-field_02642c2\" class=\"elementor-field-label elementor-screen-only\">\n\t\t\t\t\t\t\t\tPrivacidad\t\t\t\t\t\t\t<\/label>\n\t\t\t\t\t\t<div class=\"elementor-field-subgroup  \"><span class=\"elementor-field-option\"><input type=\"checkbox\" value=\"He le\u00eddo y acepto la &lt;a href=&quot;https:\/\/abogadosmalaga-aran.com\/es\/politica-privacidad\/&quot;&gt;pol\u00edtica de privacidad de Abogados Ar\u00e1n&lt;\/a&gt;.\" id=\"form-field-field_02642c2-0\" name=\"form_fields[field_02642c2]\"> <label for=\"form-field-field_02642c2-0\">He le\u00eddo y acepto la <a href=\"https:\/\/abogadosmalaga-aran.com\/es\/politica-privacidad\/\">pol\u00edtica de privacidad de Abogados Ar\u00e1n<\/a>.<\/label><\/span><\/div>\t\t\t\t<\/div>\n\t\t\t\t\t\t\t\t<div class=\"elementor-field-type-html elementor-field-group elementor-column elementor-field-group-field_042ccdc elementor-col-100\">\n\t\t\t\t\t(*) Campos obligatorios\t\t\t\t<\/div>\n\t\t\t\t\t\t\t\t<div class=\"elementor-field-group elementor-column elementor-field-type-submit elementor-col-100 e-form__buttons\">\n\t\t\t\t\t<button class=\"elementor-button elementor-size-sm\" type=\"submit\">\n\t\t\t\t\t\t<span class=\"elementor-button-content-wrapper\">\n\t\t\t\t\t\t\t\t\t\t\t\t\t\t\t\t\t\t\t\t\t\t<span class=\"elementor-button-text\">Enviar<\/span>\n\t\t\t\t\t\t\t\t\t\t\t\t\t<\/span>\n\t\t\t\t\t<\/button>\n\t\t\t\t<\/div>\n\t\t\t<\/div>\n\t\t<\/form>\n\t\t\t\t\t\t<\/div>\n\t\t\t\t<\/div>\n\t\t\t\t<\/div>\n\t\t<div class=\"elementor-element elementor-element-321d248 e-con-full marco-bufete e-flex e-con e-child\" data-id=\"321d248\" data-element_type=\"container\" data-settings=\"{&quot;background_background&quot;:&quot;classic&quot;}\">\n\t\t\t\t<\/div>\n\t\t\t\t<\/div>\n\t\t\t\t\t<\/div>\n\t\t\t\t<\/div>\n\t\t\t\t<\/div>\n\t\t","protected":false},"excerpt":{"rendered":"<p>Impulsa tu empresa con asesoramiento experto en M\u00e1laga \u00a1Primera consulta GRATUITA! \u00a1ME INTERESA! \/\/Haz crecer tu empresa con asesor\u00eda especializada en M\u00e1laga Asesor\u00eda de empresas M\u00e1laga Contabilidad, fiscalidad y apoyo legal adaptado a las necesidades de tu negocio Si est\u00e1 buscando una\u00a0asesor\u00eda laboral, contable o fiscal en M\u00e1laga, que sea profesional para su empresa y [&hellip;]<\/p>\n","protected":false},"author":1,"featured_media":0,"parent":0,"menu_order":0,"comment_status":"closed","ping_status":"closed","template":"","meta":{"om_disable_all_campaigns":false,"_monsterinsights_skip_tracking":false,"_monsterinsights_sitenote_active":false,"_monsterinsights_sitenote_note":"","_monsterinsights_sitenote_category":0,"footnotes":""},"class_list":["post-132","page","type-page","status-publish","hentry"],"aioseo_notices":[],"_links":{"self":[{"href":"https:\/\/abogadosmalaga-aran.com\/es\/wp-json\/wp\/v2\/pages\/132","targetHints":{"allow":["GET"]}}],"collection":[{"href":"https:\/\/abogadosmalaga-aran.com\/es\/wp-json\/wp\/v2\/pages"}],"about":[{"href":"https:\/\/abogadosmalaga-aran.com\/es\/wp-json\/wp\/v2\/types\/page"}],"author":[{"embeddable":true,"href":"https:\/\/abogadosmalaga-aran.com\/es\/wp-json\/wp\/v2\/users\/1"}],"replies":[{"embeddable":true,"href":"https:\/\/abogadosmalaga-aran.com\/es\/wp-json\/wp\/v2\/comments?post=132"}],"version-history":[{"count":22,"href":"https:\/\/abogadosmalaga-aran.com\/es\/wp-json\/wp\/v2\/pages\/132\/revisions"}],"predecessor-version":[{"id":1398,"href":"https:\/\/abogadosmalaga-aran.com\/es\/wp-json\/wp\/v2\/pages\/132\/revisions\/1398"}],"wp:attachment":[{"href":"https:\/\/abogadosmalaga-aran.com\/es\/wp-json\/wp\/v2\/media?parent=132"}],"curies":[{"name":"wp","href":"https:\/\/api.w.org\/{rel}","templated":true}]}}